{"id":634,"date":"2022-05-17T01:53:16","date_gmt":"2022-05-16T23:53:16","guid":{"rendered":"https:\/\/www.advanceparis.com\/?post_type=product&#038;p=634"},"modified":"2025-05-23T12:21:19","modified_gmt":"2025-05-23T10:21:19","slug":"x-a1200","status":"publish","type":"product","link":"https:\/\/www.advanceparis.com\/de\/produkt\/x-a1200\/","title":{"rendered":"X-A1200"},"content":{"rendered":"<p>Um die Erwartungen der anspruchsvollsten Musikliebhaber zu erf\u00fcllen, die dem Endergebnis ihres Audiosystems besondere Aufmerksamkeit widmen und einen gro\u00dfen Teil ihrer Freizeit dem Musikh\u00f6ren widmen, haben wir den monophonen Leistungsverst\u00e4rker X-A1200 entwickelt.<\/p>\n<p>Der X-A1200 ist ein Verst\u00e4rker, der sowohl durch seine musikalische Leistung als auch durch seine schlichte und luxuri\u00f6se Aufmachung sofort Respekt einfl\u00f6\u00dft. Ein monophoner Verst\u00e4rker ist die ideale L\u00f6sung, um die Gesamtleistung einer Hi-Fi-Anlage zu verbessern.<\/p>\n<p>Dieses Prinzip verbietet n\u00e4mlich jegliche Interaktion der Netzteilschaltungen sowie der Verst\u00e4rkerstufen zwischen dem linken und dem rechten Kanal. Das Netzteil mit hoher Leistung kann als \"\u00fcberdimensioniert\" bezeichnet werden. Dieser Begriff ist aufgrund der Gr\u00f6\u00dfe des Monoblocks, seines unterteilten Designs und seiner Netzteilelektronik, die auf einem 1000-VA-Ringkerntransformator, zwei auf einem gro\u00dfen K\u00fchlk\u00f6rper montierten Leistungsdiodenbr\u00fccken und 12 Kapazit\u00e4ten zu je 10.000 \u03bcF, also 120.000 \u03bcF, beruht, nicht abwegig.<\/p>\n<p>In Verbindung mit den 10 \"sehr hohen Strom\"-Leistungstransistoren (NJW0281G - NJW0302G) erm\u00f6glicht dieses Netzteil dem X-A1200 Verst\u00e4rker eine Leistung von 450 Watt RMS an 8 Ohm und \u00fcber 700 W RMS an 4\u03a9 zu liefern.<\/p>\n<p>Ein Schalter auf der R\u00fcckseite des Ger\u00e4ts sorgt daf\u00fcr, dass der X-A1200 die ersten Watt in Klasse A (High Bias-Modus) abgibt. \u00dcber diese Leistung hinaus wird automatisch und stufenweise auf Klasse AB umgeschaltet.<\/p>\n<p>Die robuste Konstruktion des Rahmens macht ihn steif, selbst wenn man den durchbrochenen Stahldeckel abnimmt. Der Innenraum ist unterteilt, was nicht nur die Steifigkeit erh\u00f6ht, sondern auch eine galvanische Trennung zwischen den verschiedenen Untereinheiten bewirkt, die auf sehr rationelle Weise installiert sind.<\/p>\n<p>&nbsp;<\/p>\n<style>.imh-6310-point-icons{display: none}<\/style>\r\n<div \r\n   class=\"imh-6310-annotation-box imh-6310-annotation-box-4\" \r\n   data-id=\"4\"\r\n   data-display-type=\"0\"\r\n   >\r\n<img decoding=\"async\" src=\"https:\/\/www.advanceparis.com\/wp-content\/uploads\/2022\/09\/XA1200-rear.png\" class=\"imh-6310-main-image imh-6310-img\" data-imh-cls=\"imh-6310-main-image imh-6310-img\"  data-imh-value=\"https:\/\/www.advanceparis.com\/wp-content\/uploads\/2022\/09\/XA1200-rear.png\"  \/>\r\n   \r\n            <div data-id='1' data-always-show='0' data-json='{&quot;iconType&quot;:1,&quot;fontAwesomeIcon&quot;:&quot;fas fa-plus&quot;,&quot;fontAwesomeHoverIcon&quot;:&quot;fas fa-plus&quot;,&quot;fontAwesomeIconColor&quot;:&quot;rgba(255, 255, 255, 1)&quot;,&quot;fontAwesomeIconHoverColor&quot;:&quot;rgba(255, 255, 255, 1)&quot;,&quot;fontAwesomIconSize&quot;:&quot;30&quot;,&quot;fontAwesomIconSizeInMobile&quot;:&quot;20&quot;,&quot;imgOrIconSize&quot;:&quot;30&quot;,&quot;imgOrIconSizeInMobile&quot;:&quot;20&quot;,&quot;customFirstImg&quot;:&quot;&quot;,&quot;customSecondImg&quot;:&quot;&quot;,&quot;customText&quot;:&quot;Hover here&quot;,&quot;customTextSize&quot;:&quot;16&quot;,&quot;customTextColor&quot;:&quot;rgb(255, 255, 255)&quot;,&quot;customTextBgColor&quot;:&quot;rgba(2, 59, 92, 0.99)&quot;,&quot;blinkTooltip&quot;:&quot;1&quot;,&quot;alwaysShow&quot;:&quot;2&quot;,&quot;glowColor&quot;:&quot;rgba(255, 255, 255, 1)&quot;,&quot;selectedTemplate&quot;:&quot;01&quot;,&quot;linkText&quot;:&quot;Borniers pour la connexion de vos enceintes&quot;,&quot;linkURL&quot;:&quot;www.wpmart.org&quot;,&quot;openNewTab&quot;:&quot;1&quot;,&quot;openPopup&quot;:&quot;1&quot;,&quot;openDesImg&quot;:&quot;&quot;,&quot;openDescription&quot;:&quot;Lorem ipsum dolor sit amet consectetur adipisicing elit. Debitis vero maxime beatae fugiat, aspernatur quia.&quot;,&quot;openDesFontSize&quot;:&quot;16&quot;,&quot;openDesFontColor&quot;:&quot;rgb(0, 0, 0)&quot;,&quot;tempCommonFontSize&quot;:&quot;16&quot;,&quot;tempCommonFontColor&quot;:&quot;rgb(18, 0, 0)&quot;,&quot;tempCommonBgColor&quot;:&quot;rgb(255, 255, 255)&quot;,&quot;tem02EmbeddedLink&quot;:&quot;&quot;,&quot;customeHtmlCode&quot;:&quot;&quot;,&quot;customeCssCode&quot;:&quot;&quot;,&quot;customeCodePopup&quot;:&quot;&quot;,&quot;popupCustomHtml&quot;:&quot;&quot;,&quot;popupCustomCss&quot;:&quot;&quot;,&quot;popupCustomCodeWidth&quot;:&quot;&quot;,&quot;customIconLinkType&quot;:&quot;2&quot;,&quot;elementType&quot;:1,&quot;xPos&quot;:&quot;42.16&quot;,&quot;yPos&quot;:&quot;31.95&quot;,&quot;tWidth&quot;:&quot;1795.359375&quot;,&quot;iconWidth&quot;:&quot;26.25&quot;}' class='imh-6310-drag imh-6310-point-4-1' style='style: display: none' >\r\n               <div class='imh-6310-point-icons imh-6310-point-icons-4-1'>\r\n                                            \r\n                <i class='fas fa-plus imh-6310-pin-main-img imh-6310-blinking-4-1'><\/i>\r\n                <i class='fas fa-plus imh-6310-pin-hover-img imh-6310-blinking-hover-4-1'><\/i>              \r\n              \r\n               <\/div>\r\n            <\/div>  \r\n            \r\n               <div class='imh-6310-hover-content imh-6310-hover-content-4-1' data-always-show='0' style='display:none;'>\r\n               \r\n               <div class='imh-6310-template-01-hover-content'><div class='imh-6310-close-button imh-6310-close-button-mobile'><\/div>Klemmen zum Anschluss Ihrer Lautsprecher<\/div>\r\n               \r\n            <\/div>\r\n            \r\n            <div data-id='2' data-always-show='0' data-json='{&quot;iconType&quot;:1,&quot;fontAwesomeIcon&quot;:&quot;fas fa-plus&quot;,&quot;fontAwesomeHoverIcon&quot;:&quot;fas fa-plus&quot;,&quot;fontAwesomeIconColor&quot;:&quot;rgba(255, 255, 255, 1)&quot;,&quot;fontAwesomeIconHoverColor&quot;:&quot;rgba(255, 255, 255, 1)&quot;,&quot;fontAwesomIconSize&quot;:&quot;30&quot;,&quot;fontAwesomIconSizeInMobile&quot;:&quot;20&quot;,&quot;imgOrIconSize&quot;:&quot;30&quot;,&quot;imgOrIconSizeInMobile&quot;:&quot;20&quot;,&quot;customFirstImg&quot;:&quot;&quot;,&quot;customSecondImg&quot;:&quot;&quot;,&quot;customText&quot;:&quot;Hover here&quot;,&quot;customTextSize&quot;:&quot;16&quot;,&quot;customTextColor&quot;:&quot;rgb(255, 255, 255)&quot;,&quot;customTextBgColor&quot;:&quot;rgba(2, 59, 92, 0.99)&quot;,&quot;blinkTooltip&quot;:&quot;1&quot;,&quot;alwaysShow&quot;:&quot;2&quot;,&quot;glowColor&quot;:&quot;rgba(255, 255, 255, 1)&quot;,&quot;selectedTemplate&quot;:&quot;01&quot;,&quot;linkText&quot;:&quot;Entr\\u00e9es analogiques asym\\u00e9triques (RCA) et asym\\u00e9triques (XLR)&quot;,&quot;linkURL&quot;:&quot;www.wpmart.org&quot;,&quot;openNewTab&quot;:&quot;1&quot;,&quot;openPopup&quot;:&quot;1&quot;,&quot;openDesImg&quot;:&quot;&quot;,&quot;openDescription&quot;:&quot;Lorem ipsum dolor sit amet consectetur adipisicing elit. Debitis vero maxime beatae fugiat, aspernatur quia.&quot;,&quot;openDesFontSize&quot;:&quot;16&quot;,&quot;openDesFontColor&quot;:&quot;rgb(0, 0, 0)&quot;,&quot;tempCommonFontSize&quot;:&quot;16&quot;,&quot;tempCommonFontColor&quot;:&quot;rgb(18, 0, 0)&quot;,&quot;tempCommonBgColor&quot;:&quot;rgb(255, 255, 255)&quot;,&quot;tem02EmbeddedLink&quot;:&quot;&quot;,&quot;customeHtmlCode&quot;:&quot;&quot;,&quot;customeCssCode&quot;:&quot;&quot;,&quot;customeCodePopup&quot;:&quot;&quot;,&quot;popupCustomHtml&quot;:&quot;&quot;,&quot;popupCustomCss&quot;:&quot;&quot;,&quot;popupCustomCodeWidth&quot;:&quot;&quot;,&quot;customIconLinkType&quot;:&quot;2&quot;,&quot;elementType&quot;:1,&quot;xPos&quot;:&quot;37.04&quot;,&quot;yPos&quot;:&quot;82.05&quot;,&quot;tWidth&quot;:&quot;1795.359375&quot;,&quot;iconWidth&quot;:&quot;26.25&quot;}' class='imh-6310-drag imh-6310-point-4-2' style='style: display: none' >\r\n               <div class='imh-6310-point-icons imh-6310-point-icons-4-2'>\r\n                                            \r\n                <i class='fas fa-plus imh-6310-pin-main-img imh-6310-blinking-4-2'><\/i>\r\n                <i class='fas fa-plus imh-6310-pin-hover-img imh-6310-blinking-hover-4-2'><\/i>              \r\n              \r\n               <\/div>\r\n            <\/div>  \r\n            \r\n               <div class='imh-6310-hover-content imh-6310-hover-content-4-2' data-always-show='0' style='display:none;'>\r\n               \r\n               <div class='imh-6310-template-01-hover-content'><div class='imh-6310-close-button imh-6310-close-button-mobile'><\/div>Unsymmetrische (Cinch) und unsymmetrische (XLR) analoge Eing\u00e4nge<\/div>\r\n               \r\n            <\/div>\r\n            \r\n            <div data-id='3' data-always-show='0' data-json='{&quot;iconType&quot;:1,&quot;fontAwesomeIcon&quot;:&quot;fas fa-plus&quot;,&quot;fontAwesomeHoverIcon&quot;:&quot;fas fa-plus&quot;,&quot;fontAwesomeIconColor&quot;:&quot;rgba(255, 255, 255, 1)&quot;,&quot;fontAwesomeIconHoverColor&quot;:&quot;rgba(255, 255, 255, 1)&quot;,&quot;fontAwesomIconSize&quot;:&quot;30&quot;,&quot;fontAwesomIconSizeInMobile&quot;:&quot;20&quot;,&quot;imgOrIconSize&quot;:&quot;30&quot;,&quot;imgOrIconSizeInMobile&quot;:&quot;20&quot;,&quot;customFirstImg&quot;:&quot;&quot;,&quot;customSecondImg&quot;:&quot;&quot;,&quot;customText&quot;:&quot;Hover here&quot;,&quot;customTextSize&quot;:&quot;16&quot;,&quot;customTextColor&quot;:&quot;rgb(255, 255, 255)&quot;,&quot;customTextBgColor&quot;:&quot;rgba(2, 59, 92, 0.99)&quot;,&quot;blinkTooltip&quot;:&quot;1&quot;,&quot;alwaysShow&quot;:&quot;2&quot;,&quot;glowColor&quot;:&quot;rgba(255, 255, 255, 1)&quot;,&quot;selectedTemplate&quot;:&quot;01&quot;,&quot;linkText&quot;:&quot;Les prises TRIGGER permettent l&#039;allumage et l&#039;extinction du X-A1200 lors de la mise en fonction du pr\\u00e9-ampli (muni de prises TRIGGER)&quot;,&quot;linkURL&quot;:&quot;www.wpmart.org&quot;,&quot;openNewTab&quot;:&quot;1&quot;,&quot;openPopup&quot;:&quot;1&quot;,&quot;openDesImg&quot;:&quot;&quot;,&quot;openDescription&quot;:&quot;Lorem ipsum dolor sit amet consectetur adipisicing elit. Debitis vero maxime beatae fugiat, aspernatur quia.&quot;,&quot;openDesFontSize&quot;:&quot;16&quot;,&quot;openDesFontColor&quot;:&quot;rgb(0, 0, 0)&quot;,&quot;tempCommonFontSize&quot;:&quot;16&quot;,&quot;tempCommonFontColor&quot;:&quot;rgb(18, 0, 0)&quot;,&quot;tempCommonBgColor&quot;:&quot;rgb(255, 255, 255)&quot;,&quot;tem02EmbeddedLink&quot;:&quot;&quot;,&quot;customeHtmlCode&quot;:&quot;&quot;,&quot;customeCssCode&quot;:&quot;&quot;,&quot;customeCodePopup&quot;:&quot;&quot;,&quot;popupCustomHtml&quot;:&quot;&quot;,&quot;popupCustomCss&quot;:&quot;&quot;,&quot;popupCustomCodeWidth&quot;:&quot;&quot;,&quot;customIconLinkType&quot;:&quot;2&quot;,&quot;elementType&quot;:1,&quot;xPos&quot;:&quot;61.37&quot;,&quot;yPos&quot;:&quot;70.36&quot;,&quot;tWidth&quot;:&quot;2196.171875&quot;,&quot;iconWidth&quot;:&quot;26.25&quot;}' class='imh-6310-drag imh-6310-point-4-3' style='style: display: none' >\r\n               <div class='imh-6310-point-icons imh-6310-point-icons-4-3'>\r\n                                            \r\n                <i class='fas fa-plus imh-6310-pin-main-img imh-6310-blinking-4-3'><\/i>\r\n                <i class='fas fa-plus imh-6310-pin-hover-img imh-6310-blinking-hover-4-3'><\/i>              \r\n              \r\n               <\/div>\r\n            <\/div>  \r\n            \r\n               <div class='imh-6310-hover-content imh-6310-hover-content-4-3' data-always-show='0' style='display:none;'>\r\n               \r\n               <div class='imh-6310-template-01-hover-content'><div class='imh-6310-close-button imh-6310-close-button-mobile'><\/div>Die TRIGGER-Buchsen erm\u00f6glichen das Ein- und Ausschalten des X-A1200 beim Einschalten des Vorverst\u00e4rkers (der mit TRIGGER-Buchsen ausgestattet ist).<\/div>\r\n               \r\n            <\/div>\r\n            \r\n            <div data-id='4' data-always-show='0' data-json='{&quot;iconType&quot;:1,&quot;fontAwesomeIcon&quot;:&quot;fas fa-plus&quot;,&quot;fontAwesomeHoverIcon&quot;:&quot;fas fa-plus&quot;,&quot;fontAwesomeIconColor&quot;:&quot;rgba(255, 255, 255, 1)&quot;,&quot;fontAwesomeIconHoverColor&quot;:&quot;rgba(255, 255, 255, 1)&quot;,&quot;fontAwesomIconSize&quot;:&quot;30&quot;,&quot;fontAwesomIconSizeInMobile&quot;:&quot;20&quot;,&quot;imgOrIconSize&quot;:&quot;30&quot;,&quot;imgOrIconSizeInMobile&quot;:&quot;20&quot;,&quot;customFirstImg&quot;:&quot;&quot;,&quot;customSecondImg&quot;:&quot;&quot;,&quot;customText&quot;:&quot;Hover here&quot;,&quot;customTextSize&quot;:&quot;16&quot;,&quot;customTextColor&quot;:&quot;rgb(255, 255, 255)&quot;,&quot;customTextBgColor&quot;:&quot;rgba(2, 59, 92, 0.99)&quot;,&quot;blinkTooltip&quot;:&quot;1&quot;,&quot;alwaysShow&quot;:&quot;2&quot;,&quot;glowColor&quot;:&quot;rgba(255, 255, 255, 1)&quot;,&quot;selectedTemplate&quot;:&quot;01&quot;,&quot;linkText&quot;:&quot;R\\u00e9glage de l&#039;intensit\\u00e9 du r\\u00e9tro-\\u00e9clairage&quot;,&quot;linkURL&quot;:&quot;www.wpmart.org&quot;,&quot;openNewTab&quot;:&quot;1&quot;,&quot;openPopup&quot;:&quot;1&quot;,&quot;openDesImg&quot;:&quot;&quot;,&quot;openDescription&quot;:&quot;Lorem ipsum dolor sit amet consectetur adipisicing elit. Debitis vero maxime beatae fugiat, aspernatur quia.&quot;,&quot;openDesFontSize&quot;:&quot;16&quot;,&quot;openDesFontColor&quot;:&quot;rgb(0, 0, 0)&quot;,&quot;tempCommonFontSize&quot;:&quot;16&quot;,&quot;tempCommonFontColor&quot;:&quot;rgb(18, 0, 0)&quot;,&quot;tempCommonBgColor&quot;:&quot;rgb(255, 255, 255)&quot;,&quot;tem02EmbeddedLink&quot;:&quot;&quot;,&quot;customeHtmlCode&quot;:&quot;&quot;,&quot;customeCssCode&quot;:&quot;&quot;,&quot;customeCodePopup&quot;:&quot;&quot;,&quot;popupCustomHtml&quot;:&quot;&quot;,&quot;popupCustomCss&quot;:&quot;&quot;,&quot;popupCustomCodeWidth&quot;:&quot;&quot;,&quot;customIconLinkType&quot;:&quot;2&quot;,&quot;elementType&quot;:1,&quot;xPos&quot;:&quot;52.90&quot;,&quot;yPos&quot;:&quot;75.55&quot;,&quot;tWidth&quot;:&quot;2196.171875&quot;,&quot;iconWidth&quot;:&quot;26.25&quot;}' class='imh-6310-drag imh-6310-point-4-4' style='style: display: none' >\r\n               <div class='imh-6310-point-icons imh-6310-point-icons-4-4'>\r\n                                            \r\n                <i class='fas fa-plus imh-6310-pin-main-img imh-6310-blinking-4-4'><\/i>\r\n                <i class='fas fa-plus imh-6310-pin-hover-img imh-6310-blinking-hover-4-4'><\/i>              \r\n              \r\n               <\/div>\r\n            <\/div>  \r\n            \r\n               <div class='imh-6310-hover-content imh-6310-hover-content-4-4' data-always-show='0' style='display:none;'>\r\n               \r\n               <div class='imh-6310-template-01-hover-content'><div class='imh-6310-close-button imh-6310-close-button-mobile'><\/div>Anpassen der Intensit\u00e4t der Hintergrundbeleuchtung<\/div>\r\n               \r\n            <\/div>\r\n            \r\n            <div data-id='5' data-always-show='0' data-json='{&quot;iconType&quot;:1,&quot;fontAwesomeIcon&quot;:&quot;fas fa-plus&quot;,&quot;fontAwesomeHoverIcon&quot;:&quot;fas fa-plus&quot;,&quot;fontAwesomeIconColor&quot;:&quot;rgba(255, 255, 255, 1)&quot;,&quot;fontAwesomeIconHoverColor&quot;:&quot;rgba(255, 255, 255, 1)&quot;,&quot;fontAwesomIconSize&quot;:&quot;30&quot;,&quot;fontAwesomIconSizeInMobile&quot;:&quot;20&quot;,&quot;imgOrIconSize&quot;:&quot;30&quot;,&quot;imgOrIconSizeInMobile&quot;:&quot;20&quot;,&quot;customFirstImg&quot;:&quot;&quot;,&quot;customSecondImg&quot;:&quot;&quot;,&quot;customText&quot;:&quot;Hover here&quot;,&quot;customTextSize&quot;:&quot;16&quot;,&quot;customTextColor&quot;:&quot;rgb(255, 255, 255)&quot;,&quot;customTextBgColor&quot;:&quot;rgba(2, 59, 92, 0.99)&quot;,&quot;blinkTooltip&quot;:&quot;1&quot;,&quot;alwaysShow&quot;:&quot;2&quot;,&quot;glowColor&quot;:&quot;rgba(255, 255, 255, 1)&quot;,&quot;selectedTemplate&quot;:&quot;01&quot;,&quot;linkText&quot;:&quot;R\\u00e9glage du bias&quot;,&quot;linkURL&quot;:&quot;www.wpmart.org&quot;,&quot;openNewTab&quot;:&quot;1&quot;,&quot;openPopup&quot;:&quot;1&quot;,&quot;openDesImg&quot;:&quot;&quot;,&quot;openDescription&quot;:&quot;Lorem ipsum dolor sit amet consectetur adipisicing elit. Debitis vero maxime beatae fugiat, aspernatur quia.&quot;,&quot;openDesFontSize&quot;:&quot;16&quot;,&quot;openDesFontColor&quot;:&quot;rgb(0, 0, 0)&quot;,&quot;tempCommonFontSize&quot;:&quot;16&quot;,&quot;tempCommonFontColor&quot;:&quot;rgb(18, 0, 0)&quot;,&quot;tempCommonBgColor&quot;:&quot;rgb(255, 255, 255)&quot;,&quot;tem02EmbeddedLink&quot;:&quot;&quot;,&quot;customeHtmlCode&quot;:&quot;&quot;,&quot;customeCssCode&quot;:&quot;&quot;,&quot;customeCodePopup&quot;:&quot;&quot;,&quot;popupCustomHtml&quot;:&quot;&quot;,&quot;popupCustomCss&quot;:&quot;&quot;,&quot;popupCustomCodeWidth&quot;:&quot;&quot;,&quot;customIconLinkType&quot;:&quot;2&quot;,&quot;elementType&quot;:1,&quot;xPos&quot;:&quot;48.28&quot;,&quot;yPos&quot;:&quot;73.25&quot;,&quot;tWidth&quot;:&quot;2196.171875&quot;,&quot;iconWidth&quot;:&quot;26.25&quot;}' class='imh-6310-drag imh-6310-point-4-5' style='style: display: none' >\r\n               <div class='imh-6310-point-icons imh-6310-point-icons-4-5'>\r\n                                            \r\n                <i class='fas fa-plus imh-6310-pin-main-img imh-6310-blinking-4-5'><\/i>\r\n                <i class='fas fa-plus imh-6310-pin-hover-img imh-6310-blinking-hover-4-5'><\/i>              \r\n              \r\n               <\/div>\r\n            <\/div>  \r\n            \r\n               <div class='imh-6310-hover-content imh-6310-hover-content-4-5' data-always-show='0' style='display:none;'>\r\n               \r\n               <div class='imh-6310-template-01-hover-content'><div class='imh-6310-close-button imh-6310-close-button-mobile'><\/div>Bias-Einstellung<\/div>\r\n               \r\n            <\/div>\r\n            <\/div>","protected":false},"excerpt":{"rendered":"<p>Um die Erwartungen der anspruchsvollsten Musikliebhaber zu erf\u00fcllen, die dem Endergebnis ihres Audiosystems besondere Aufmerksamkeit widmen und einen gro\u00dfen Teil ihrer Freizeit dem Musikh\u00f6ren widmen, haben wir den monophonen Leistungsverst\u00e4rker X-A1200 entwickelt.<\/p>","protected":false},"featured_media":635,"template":"","meta":{"_acf_changed":false},"product_brand":[],"product_cat":[318,480],"product_tag":[344],"class_list":{"0":"post-634","1":"product","2":"type-product","3":"status-publish","4":"has-post-thumbnail","6":"product_cat-bloc-mono","7":"product_cat-classic-line","8":"product_tag-vu","10":"first","11":"outofstock","12":"shipping-taxable","13":"purchasable","14":"product-type-simple"},"acf":[],"jetpack_sharing_enabled":true,"_links":{"self":[{"href":"https:\/\/www.advanceparis.com\/de\/wp-json\/wp\/v2\/product\/634","targetHints":{"allow":["GET"]}}],"collection":[{"href":"https:\/\/www.advanceparis.com\/de\/wp-json\/wp\/v2\/product"}],"about":[{"href":"https:\/\/www.advanceparis.com\/de\/wp-json\/wp\/v2\/types\/product"}],"wp:featuredmedia":[{"embeddable":true,"href":"https:\/\/www.advanceparis.com\/de\/wp-json\/wp\/v2\/media\/635"}],"wp:attachment":[{"href":"https:\/\/www.advanceparis.com\/de\/wp-json\/wp\/v2\/media?parent=634"}],"wp:term":[{"taxonomy":"product_brand","embeddable":true,"href":"https:\/\/www.advanceparis.com\/de\/wp-json\/wp\/v2\/product_brand?post=634"},{"taxonomy":"product_cat","embeddable":true,"href":"https:\/\/www.advanceparis.com\/de\/wp-json\/wp\/v2\/product_cat?post=634"},{"taxonomy":"product_tag","embeddable":true,"href":"https:\/\/www.advanceparis.com\/de\/wp-json\/wp\/v2\/product_tag?post=634"}],"curies":[{"name":"wp","href":"https:\/\/api.w.org\/{rel}","templated":true}]}}