{"id":59,"date":"2022-04-20T16:40:12","date_gmt":"2022-04-20T14:40:12","guid":{"rendered":"https:\/\/www.advanceparis.com\/?post_type=product&#038;p=59"},"modified":"2026-04-20T14:36:18","modified_gmt":"2026-04-20T12:36:18","slug":"playstream-a5","status":"publish","type":"product","link":"https:\/\/www.advanceparis.com\/de\/produkt\/playstream-a5\/","title":{"rendered":"PlayStream A5"},"content":{"rendered":"<h3>Das Nervenzentrum Ihres Systems<\/h3>\n<p>Der PlayStream A5 ist ein angeschlossener integrierter Verst\u00e4rker. Mit einer Leistung von 2x80W\/8\u03a9 in Klasse AB wurde der A5 mit dem ultimativen Ziel entwickelt, den anspruchsvollen Audiophilen zufrieden zu stellen. Seine Klangwiedergabe ist kompromisslos und mit allen neuen High-Definition-Quellen kompatibel. Der A5 verf\u00fcgt \u00fcber einen integrierten Netzwerk- und Wifi-Player, der zahlreiche Dienste wie Spotify, Deezer, Qobuz, Tidal, TuneIn, iHeartRadio, vTuner, Napster usw. umfasst. Er erm\u00f6glicht die Wiedergabe Ihrer Musikbibliothek, die auf Ihrem Smartphone, Tablet, Computer oder Netzwerklaufwerk vom Typ NAS (Synology) gespeichert ist, \u00fcber das Netzwerk. Der PlayStream A5 verf\u00fcgt \u00fcber einen digitalen DAB+-Tuner, einen UKW-Tuner, 4 digitale Eing\u00e4nge, darunter ein koaxialer und 3 optische Eing\u00e4nge, einen USB-Eingang sowie 6 analoge Eing\u00e4nge, darunter ein Phono-Eingang, die sich konfigurieren lassen.<\/p>\n<p><img loading=\"lazy\" decoding=\"async\" class=\"alignnone wp-image-322 size-thumbnail\" src=\"https:\/\/www.advanceparis.com\/wp-content\/uploads\/2022\/04\/ADP-Picto_SPOTIFY-150x150.png\" alt=\"\" width=\"150\" height=\"150\" srcset=\"https:\/\/www.advanceparis.com\/wp-content\/uploads\/2022\/04\/ADP-Picto_SPOTIFY-150x150.png 150w, https:\/\/www.advanceparis.com\/wp-content\/uploads\/2022\/04\/ADP-Picto_SPOTIFY-300x300.png 300w, https:\/\/www.advanceparis.com\/wp-content\/uploads\/2022\/04\/ADP-Picto_SPOTIFY-600x600.png 600w, https:\/\/www.advanceparis.com\/wp-content\/uploads\/2022\/04\/ADP-Picto_SPOTIFY-1024x1024.png 1024w, https:\/\/www.advanceparis.com\/wp-content\/uploads\/2022\/04\/ADP-Picto_SPOTIFY-768x768.png 768w, https:\/\/www.advanceparis.com\/wp-content\/uploads\/2022\/04\/ADP-Picto_SPOTIFY-320x320.png 320w, https:\/\/www.advanceparis.com\/wp-content\/uploads\/2022\/04\/ADP-Picto_SPOTIFY.png 1182w\" sizes=\"auto, (max-width: 150px) 100vw, 150px\" \/> <img loading=\"lazy\" decoding=\"async\" class=\"alignnone wp-image-321 size-thumbnail\" src=\"https:\/\/www.advanceparis.com\/wp-content\/uploads\/2022\/04\/ADP-Picto_DEEZER-150x150.png\" alt=\"\" width=\"150\" height=\"150\" srcset=\"https:\/\/www.advanceparis.com\/wp-content\/uploads\/2022\/04\/ADP-Picto_DEEZER-150x150.png 150w, https:\/\/www.advanceparis.com\/wp-content\/uploads\/2022\/04\/ADP-Picto_DEEZER-300x300.png 300w, https:\/\/www.advanceparis.com\/wp-content\/uploads\/2022\/04\/ADP-Picto_DEEZER-600x600.png 600w, https:\/\/www.advanceparis.com\/wp-content\/uploads\/2022\/04\/ADP-Picto_DEEZER-1024x1024.png 1024w, https:\/\/www.advanceparis.com\/wp-content\/uploads\/2022\/04\/ADP-Picto_DEEZER-768x768.png 768w, https:\/\/www.advanceparis.com\/wp-content\/uploads\/2022\/04\/ADP-Picto_DEEZER-320x320.png 320w, https:\/\/www.advanceparis.com\/wp-content\/uploads\/2022\/04\/ADP-Picto_DEEZER.png 1182w\" sizes=\"auto, (max-width: 150px) 100vw, 150px\" \/><img loading=\"lazy\" decoding=\"async\" class=\"alignnone wp-image-323 size-thumbnail\" src=\"https:\/\/www.advanceparis.com\/wp-content\/uploads\/2022\/04\/ADP-Picto_TIDAL-150x150.png\" alt=\"\" width=\"150\" height=\"150\" srcset=\"https:\/\/www.advanceparis.com\/wp-content\/uploads\/2022\/04\/ADP-Picto_TIDAL-150x150.png 150w, https:\/\/www.advanceparis.com\/wp-content\/uploads\/2022\/04\/ADP-Picto_TIDAL-300x300.png 300w, https:\/\/www.advanceparis.com\/wp-content\/uploads\/2022\/04\/ADP-Picto_TIDAL-600x600.png 600w, https:\/\/www.advanceparis.com\/wp-content\/uploads\/2022\/04\/ADP-Picto_TIDAL-1024x1024.png 1024w, https:\/\/www.advanceparis.com\/wp-content\/uploads\/2022\/04\/ADP-Picto_TIDAL-768x768.png 768w, https:\/\/www.advanceparis.com\/wp-content\/uploads\/2022\/04\/ADP-Picto_TIDAL-320x320.png 320w, https:\/\/www.advanceparis.com\/wp-content\/uploads\/2022\/04\/ADP-Picto_TIDAL.png 1182w\" sizes=\"auto, (max-width: 150px) 100vw, 150px\" \/><img loading=\"lazy\" decoding=\"async\" class=\"alignnone wp-image-325 size-thumbnail\" src=\"https:\/\/www.advanceparis.com\/wp-content\/uploads\/2022\/04\/ADP-Picto_TUNE_IN-150x150.png\" alt=\"\" width=\"150\" height=\"150\" srcset=\"https:\/\/www.advanceparis.com\/wp-content\/uploads\/2022\/04\/ADP-Picto_TUNE_IN-150x150.png 150w, https:\/\/www.advanceparis.com\/wp-content\/uploads\/2022\/04\/ADP-Picto_TUNE_IN-300x300.png 300w, https:\/\/www.advanceparis.com\/wp-content\/uploads\/2022\/04\/ADP-Picto_TUNE_IN-600x600.png 600w, https:\/\/www.advanceparis.com\/wp-content\/uploads\/2022\/04\/ADP-Picto_TUNE_IN-1024x1024.png 1024w, https:\/\/www.advanceparis.com\/wp-content\/uploads\/2022\/04\/ADP-Picto_TUNE_IN-768x768.png 768w, https:\/\/www.advanceparis.com\/wp-content\/uploads\/2022\/04\/ADP-Picto_TUNE_IN-320x320.png 320w, https:\/\/www.advanceparis.com\/wp-content\/uploads\/2022\/04\/ADP-Picto_TUNE_IN.png 1182w\" sizes=\"auto, (max-width: 150px) 100vw, 150px\" \/><img loading=\"lazy\" decoding=\"async\" class=\"alignnone wp-image-324 size-thumbnail\" src=\"https:\/\/www.advanceparis.com\/wp-content\/uploads\/2022\/04\/ADP-Picto_TUNE_IN-copie-150x150.png\" alt=\"\" width=\"150\" height=\"150\" srcset=\"https:\/\/www.advanceparis.com\/wp-content\/uploads\/2022\/04\/ADP-Picto_TUNE_IN-copie-150x150.png 150w, https:\/\/www.advanceparis.com\/wp-content\/uploads\/2022\/04\/ADP-Picto_TUNE_IN-copie-300x300.png 300w, https:\/\/www.advanceparis.com\/wp-content\/uploads\/2022\/04\/ADP-Picto_TUNE_IN-copie-600x600.png 600w, https:\/\/www.advanceparis.com\/wp-content\/uploads\/2022\/04\/ADP-Picto_TUNE_IN-copie-1024x1024.png 1024w, https:\/\/www.advanceparis.com\/wp-content\/uploads\/2022\/04\/ADP-Picto_TUNE_IN-copie-768x768.png 768w, https:\/\/www.advanceparis.com\/wp-content\/uploads\/2022\/04\/ADP-Picto_TUNE_IN-copie-320x320.png 320w, https:\/\/www.advanceparis.com\/wp-content\/uploads\/2022\/04\/ADP-Picto_TUNE_IN-copie.png 1182w\" sizes=\"auto, (max-width: 150px) 100vw, 150px\" \/><\/p>\n<p>Der PlayStream A5 ist mit unseren Bluetooth-kompatiblen Receivern X-FTB01 und dem neuen X-FTB02 kompatibel, die mit aptX HD High Definition ausgestattet sind. Der PlayStream A5 ist mit High-Bias ausgestattet und liefert bei den ersten Watt einen Sound, der mit Klasse A vergleichbar ist. Kompatibel mit DLNA und Airplay. Zum Entdecken!<\/p>","protected":false},"excerpt":{"rendered":"<p>Der PlayStream A5 ist ein angeschlossener integrierter Verst\u00e4rker.<\/p>","protected":false},"featured_media":3060,"template":"","meta":{"_acf_changed":false},"product_brand":[],"product_cat":[420,482],"product_tag":[316,344,315],"class_list":{"0":"post-59","1":"product","2":"type-product","3":"status-publish","4":"has-post-thumbnail","6":"product_cat-amplificateur-connecte","7":"product_cat-playstream","8":"product_tag-ethernet","9":"product_tag-vu","10":"product_tag-wifi","12":"first","13":"outofstock","14":"shipping-taxable","15":"purchasable","16":"product-type-variable","17":"has-default-attributes"},"acf":[],"jetpack_sharing_enabled":true,"_links":{"self":[{"href":"https:\/\/www.advanceparis.com\/de\/wp-json\/wp\/v2\/product\/59","targetHints":{"allow":["GET"]}}],"collection":[{"href":"https:\/\/www.advanceparis.com\/de\/wp-json\/wp\/v2\/product"}],"about":[{"href":"https:\/\/www.advanceparis.com\/de\/wp-json\/wp\/v2\/types\/product"}],"wp:featuredmedia":[{"embeddable":true,"href":"https:\/\/www.advanceparis.com\/de\/wp-json\/wp\/v2\/media\/3060"}],"wp:attachment":[{"href":"https:\/\/www.advanceparis.com\/de\/wp-json\/wp\/v2\/media?parent=59"}],"wp:term":[{"taxonomy":"product_brand","embeddable":true,"href":"https:\/\/www.advanceparis.com\/de\/wp-json\/wp\/v2\/product_brand?post=59"},{"taxonomy":"product_cat","embeddable":true,"href":"https:\/\/www.advanceparis.com\/de\/wp-json\/wp\/v2\/product_cat?post=59"},{"taxonomy":"product_tag","embeddable":true,"href":"https:\/\/www.advanceparis.com\/de\/wp-json\/wp\/v2\/product_tag?post=59"}],"curies":[{"name":"wp","href":"https:\/\/api.w.org\/{rel}","templated":true}]}}