{"id":584,"date":"2022-05-16T23:40:54","date_gmt":"2022-05-16T21:40:54","guid":{"rendered":"https:\/\/www.advanceparis.com\/?post_type=product&#038;p=584"},"modified":"2025-03-10T15:41:37","modified_gmt":"2025-03-10T14:41:37","slug":"bx-2","status":"publish","type":"product","link":"https:\/\/www.advanceparis.com\/de\/produkt\/bx-2\/","title":{"rendered":"BX-2"},"content":{"rendered":"<h3>215 Watt Finesse<\/h3>\n<p>Der BX2 ist eine Endstufe mit einer Leistung von 215 Watt an 8 Ohm. Die Ingenieure von Advance Paris haben sich bei der Entwicklung des BX2 von unserem Referenzverst\u00e4rker X-A1200 inspirieren lassen, so dass er sowohl f\u00fcr HiFi als auch f\u00fcr Heimkino geeignet ist.<\/p>\n<p>Der BX2-Verst\u00e4rker enth\u00e4lt sortierte und \u00fcberdimensionierte Bauteile, wie der imposante Ringkerntransformator zeigt, der sofort einen hohen Strom liefern kann. Unser BX2 verf\u00fcgt \u00fcber einen Cinch- (unsymmetrisch) oder XLR-Anschluss (symmetrisch), der mit einem kleinen Schalter umgeschaltet werden kann.<\/p>\n<p>Der BX2 verf\u00fcgt \u00fcber eine High-Bias-Funktion, die es dem Verst\u00e4rker erm\u00f6glicht, die ersten Watt in einem Modus zu liefern, der mit Klasse A vergleichbar ist. Dar\u00fcber hinaus wird der Verst\u00e4rker in Klasse AB betrieben. Dar\u00fcber hinaus verf\u00fcgt unser Monoblock \u00fcber eine Klemmenleiste f\u00fcr Bicab, einen Gain-Regler und einen vierstufigen Dimmer.<\/p>\n<p>&nbsp;<\/p>","protected":false},"excerpt":{"rendered":"<p><strong>Der BX2 ist ein Leistungsverst\u00e4rker<\/strong>\u00a0die Sie mit unserem AX1, DX1 oder PX1 kombinieren k\u00f6nnen.<\/p>","protected":false},"featured_media":587,"template":"","meta":{"_acf_changed":false},"product_brand":[],"product_cat":[318,481],"product_tag":[344],"class_list":{"0":"post-584","1":"product","2":"type-product","3":"status-publish","4":"has-post-thumbnail","6":"product_cat-bloc-mono","7":"product_cat-smart-line","8":"product_tag-vu","10":"first","11":"outofstock","12":"shipping-taxable","13":"purchasable","14":"product-type-variable","15":"has-default-attributes"},"acf":[],"jetpack_sharing_enabled":true,"_links":{"self":[{"href":"https:\/\/www.advanceparis.com\/de\/wp-json\/wp\/v2\/product\/584","targetHints":{"allow":["GET"]}}],"collection":[{"href":"https:\/\/www.advanceparis.com\/de\/wp-json\/wp\/v2\/product"}],"about":[{"href":"https:\/\/www.advanceparis.com\/de\/wp-json\/wp\/v2\/types\/product"}],"wp:featuredmedia":[{"embeddable":true,"href":"https:\/\/www.advanceparis.com\/de\/wp-json\/wp\/v2\/media\/587"}],"wp:attachment":[{"href":"https:\/\/www.advanceparis.com\/de\/wp-json\/wp\/v2\/media?parent=584"}],"wp:term":[{"taxonomy":"product_brand","embeddable":true,"href":"https:\/\/www.advanceparis.com\/de\/wp-json\/wp\/v2\/product_brand?post=584"},{"taxonomy":"product_cat","embeddable":true,"href":"https:\/\/www.advanceparis.com\/de\/wp-json\/wp\/v2\/product_cat?post=584"},{"taxonomy":"product_tag","embeddable":true,"href":"https:\/\/www.advanceparis.com\/de\/wp-json\/wp\/v2\/product_tag?post=584"}],"curies":[{"name":"wp","href":"https:\/\/api.w.org\/{rel}","templated":true}]}}