{"id":562,"date":"2022-05-16T01:59:42","date_gmt":"2022-05-15T23:59:42","guid":{"rendered":"https:\/\/www.advanceparis.com\/?post_type=product&#038;p=562"},"modified":"2025-06-04T11:22:52","modified_gmt":"2025-06-04T09:22:52","slug":"px-1","status":"publish","type":"product","link":"https:\/\/www.advanceparis.com\/de\/produkt\/px-1\/","title":{"rendered":"PX-1"},"content":{"rendered":"<h3>Echte Kommandozentrale f\u00fcr Ihr Hifi-System<\/h3>\n<p>Der neue Vorverst\u00e4rker PX-1 ist eine absolute Referenz. Urteilen Sie selbst:<\/p>\n<p>Unser Stereo-Vorverst\u00e4rker Px1 ist um zwei monophone Vorverst\u00e4rker herum aufgebaut, die in einem einzigen Geh\u00e4use untergebracht sind.<\/p>\n<p>Der PX-1 ist das \"neuralgische\" Zentrum Ihrer HiFi-Kette. Auch wenn die Klangqualit\u00e4t unsere oberste Priorit\u00e4t war, wollten wir, dass unser Vorverst\u00e4rker f\u00fcr alle aktuellen Quellen geeignet ist, egal ob analog, digital, dematerialisiert oder physisch.<\/p>\n<p>Nichts wurde ausgelassen, jeder Eingang wurde mit dem ultimativen Ziel verfeinert, eine Musikwiedergabe auf h\u00f6chstem Niveau zu erreichen. Der PX-1 verf\u00fcgt \u00fcber neun analoge Eing\u00e4nge, darunter ein symmetrischer Eingang und ein Phono-Eingang, der als MM- oder MC-Eingang mit zwei Pegeln konfiguriert werden kann. Die Kapazit\u00e4t der Phonozelle ist einstellbar. Der PX-1 verf\u00fcgt \u00fcber drei optische Digitaleing\u00e4nge, einen koaxialen Digitaleingang, einen USB-B-Eingang (asynchrones XMOS) und einen USB-A-Eingang. Die Umwandlung der digitalen Signale erfolgt durch den ber\u00fchmten Wolfson-Wandler WM8740.<\/p>\n<p>Diese digitalen Eing\u00e4nge werden durch einen propriet\u00e4ren Anschluss erg\u00e4nzt, \u00fcber den Sie den Bluetooth-Adapter anschlie\u00dfen k\u00f6nnen <a href=\"https:\/\/www.advanceparis.com\/produit\/x-ftb01\/\">X-FTB01<\/a> und <a href=\"https:\/\/www.advanceparis.com\/produit\/x-ftb02\/\">X-FTB02<\/a>.<\/p>\n<p>Die Signalverarbeitung ist so direkt (direct path) wie m\u00f6glich, damit die urspr\u00fcngliche Qualit\u00e4t des Signals nicht beeintr\u00e4chtigt wird. Das interaktive Men\u00fc des PX-1 bietet Ihnen zwei Betriebsarten, den \"Class-A\"-Modus oder den diskreten Modus. Der \"Class-A\"-Ausgang basiert auf einer Schaltung mit ausschlie\u00dflich bipolaren Transistoren in einer \"Double Cascode\"-Bauweise, die eine Verzerrungsleistung bietet, die der einer R\u00f6hrenschaltung \u00e4hnelt, also sehr homogen und in Class-A polarisiert ist, Der \"diskrete\" Ausgang ist eine Stufe, die auf einer klassischeren Typologie basiert, die auf einer Differenzialstufe mit JFET-Eingang und bipolarer Stromspiegelung beruht, mit einem in Klasse AB vorgespannten Ausgang, der eher zu Verzerrungen mit ungeradzahligen Oberwellen neigt, die vom \"Ohr\" weniger gesch\u00e4tzt werden, aber manchmal auch als definierter empfunden werden.<\/p>\n<p>Die Bedienung des PX-1 ist besonders einfach: Ein einziger Drehknopf mit Push-Button zur Best\u00e4tigung einer Auswahl bietet Zugriff auf die Eingangswahl, Lautst\u00e4rke, Bass- und H\u00f6heneinstellungen, Balance, Loudness und die automatische Abschaltung nach 30 Minuten Inaktivit\u00e4t. Auch bei den Ausg\u00e4ngen ist Ihr PX-1 genauso komplett wie bei den Eing\u00e4ngen: ein symmetrischer (XLR), ein unsymmetrischer (Cinch), ein Aufnahmeausgang (Rec Out), ein Hochpassausgang und zwei Sub-Bass-Ausg\u00e4nge.<\/p>\n<p>Schlie\u00dflich, als Sahneh\u00e4ubchen, haben die Entwickler die Aficionados des Kopfh\u00f6rerh\u00f6rens nicht vergessen, indem sie unter dem Ger\u00e4t eine doppelte, f\u00fcr zwei Kopfh\u00f6rer unabh\u00e4ngige Einstellung der Verst\u00e4rkung +6,0,-4dB und der Ausgangsimpedanz 0 oder 100\u03a9 eingebaut haben.<\/p>\n<p>&nbsp;<\/p>","protected":false},"excerpt":{"rendered":"<p>Der Vorverst\u00e4rker PX-1 ist eine absolute Referenz im kompakten Smart Line-Format. Digitale Eing\u00e4nge, analoge Eing\u00e4nge, optional Bluetooth, XLR, USB f\u00fcr Ihren Computer...<\/p>","protected":false},"featured_media":567,"template":"","meta":{"_acf_changed":false},"product_brand":[],"product_cat":[424,481],"product_tag":[],"class_list":{"0":"post-562","1":"product","2":"type-product","3":"status-publish","4":"has-post-thumbnail","6":"product_cat-pre-amplificateur","7":"product_cat-smart-line","9":"first","10":"instock","11":"shipping-taxable","12":"purchasable","13":"product-type-variable","14":"has-default-attributes"},"acf":[],"jetpack_sharing_enabled":true,"_links":{"self":[{"href":"https:\/\/www.advanceparis.com\/de\/wp-json\/wp\/v2\/product\/562","targetHints":{"allow":["GET"]}}],"collection":[{"href":"https:\/\/www.advanceparis.com\/de\/wp-json\/wp\/v2\/product"}],"about":[{"href":"https:\/\/www.advanceparis.com\/de\/wp-json\/wp\/v2\/types\/product"}],"wp:featuredmedia":[{"embeddable":true,"href":"https:\/\/www.advanceparis.com\/de\/wp-json\/wp\/v2\/media\/567"}],"wp:attachment":[{"href":"https:\/\/www.advanceparis.com\/de\/wp-json\/wp\/v2\/media?parent=562"}],"wp:term":[{"taxonomy":"product_brand","embeddable":true,"href":"https:\/\/www.advanceparis.com\/de\/wp-json\/wp\/v2\/product_brand?post=562"},{"taxonomy":"product_cat","embeddable":true,"href":"https:\/\/www.advanceparis.com\/de\/wp-json\/wp\/v2\/product_cat?post=562"},{"taxonomy":"product_tag","embeddable":true,"href":"https:\/\/www.advanceparis.com\/de\/wp-json\/wp\/v2\/product_tag?post=562"}],"curies":[{"name":"wp","href":"https:\/\/api.w.org\/{rel}","templated":true}]}}