{"id":535,"date":"2022-05-12T11:06:43","date_gmt":"2022-05-12T09:06:43","guid":{"rendered":"https:\/\/www.advanceparis.com\/?post_type=product&#038;p=535"},"modified":"2026-03-12T13:07:42","modified_gmt":"2026-03-12T12:07:42","slug":"playstream-a7","status":"publish","type":"product","link":"https:\/\/www.advanceparis.com\/de\/produkt\/playstream-a7\/","title":{"rendered":"PlayStream A7"},"content":{"rendered":"<h3>Das Nervenzentrum Ihres Systems<\/h3>\n<p>Der PlayStream A7 ist ein integrierter Verst\u00e4rker mit Anschlussm\u00f6glichkeit. Mit einer Leistung von 115 W pro Kanal (an 8 Ohm) in Klasse AB wurde der A7 mit dem ultimativen Ziel entwickelt, den anspruchsvollen Audiophilen zufrieden zu stellen. Seine Klangwiedergabe ist kompromisslos und mit allen neuen High-Definition-Quellen kompatibel.<\/p>\n<p>Der A7 verf\u00fcgt \u00fcber einen Netzwerkplayer f\u00fcr Ethernet und Wifi, der zahlreiche Dienste wie Spotify, Deezer, Qobuz, Tidal, TuneIn, iHeartRadio, vTuner, Napster usw. umfasst. Er erm\u00f6glicht die Wiedergabe Ihrer Musikbibliothek, die auf Ihrem Smartphone, Tablet, Computer oder NAS-Netzwerklaufwerk gespeichert ist, \u00fcber das Netzwerk. Der PlayStream A7 verf\u00fcgt \u00fcber einen digitalen DAB+-Tuner, einen UKW-Tuner, 4 digitale Eing\u00e4nge, darunter ein koaxialer und 3 optische Eing\u00e4nge, einen HDMI ARC-Eingang, einen USB-Eingang sowie 6 analoge Eing\u00e4nge, darunter ein Phono-Eingang, die sich konfigurieren lassen.<\/p>\n<p>Der PlayStream A7 ist mit unseren kompatiblen Bluetooth-Receivern X-FTB01 und X-FTB02 kompatibel, die aptX HD High Definition unterst\u00fctzen. Der PlayStream A7 ist mit High-Bias ausgestattet und liefert bereits ab dem ersten Watt einen Klang, der mit Klasse A vergleichbar ist.<\/p>\n<p>Zum Entdecken!<\/p>\n<p><img loading=\"lazy\" decoding=\"async\" class=\"alignnone wp-image-322 size-thumbnail\" src=\"https:\/\/www.advanceparis.com\/wp-content\/uploads\/2022\/04\/ADP-Picto_SPOTIFY-150x150.png\" alt=\"\" width=\"150\" height=\"150\" srcset=\"https:\/\/www.advanceparis.com\/wp-content\/uploads\/2022\/04\/ADP-Picto_SPOTIFY-150x150.png 150w, https:\/\/www.advanceparis.com\/wp-content\/uploads\/2022\/04\/ADP-Picto_SPOTIFY-300x300.png 300w, https:\/\/www.advanceparis.com\/wp-content\/uploads\/2022\/04\/ADP-Picto_SPOTIFY-600x600.png 600w, https:\/\/www.advanceparis.com\/wp-content\/uploads\/2022\/04\/ADP-Picto_SPOTIFY-1024x1024.png 1024w, https:\/\/www.advanceparis.com\/wp-content\/uploads\/2022\/04\/ADP-Picto_SPOTIFY-768x768.png 768w, https:\/\/www.advanceparis.com\/wp-content\/uploads\/2022\/04\/ADP-Picto_SPOTIFY-320x320.png 320w, https:\/\/www.advanceparis.com\/wp-content\/uploads\/2022\/04\/ADP-Picto_SPOTIFY.png 1182w\" sizes=\"auto, (max-width: 150px) 100vw, 150px\" \/> <img loading=\"lazy\" decoding=\"async\" class=\"alignnone wp-image-321 size-thumbnail\" src=\"https:\/\/www.advanceparis.com\/wp-content\/uploads\/2022\/04\/ADP-Picto_DEEZER-150x150.png\" alt=\"\" width=\"150\" height=\"150\" srcset=\"https:\/\/www.advanceparis.com\/wp-content\/uploads\/2022\/04\/ADP-Picto_DEEZER-150x150.png 150w, https:\/\/www.advanceparis.com\/wp-content\/uploads\/2022\/04\/ADP-Picto_DEEZER-300x300.png 300w, https:\/\/www.advanceparis.com\/wp-content\/uploads\/2022\/04\/ADP-Picto_DEEZER-600x600.png 600w, https:\/\/www.advanceparis.com\/wp-content\/uploads\/2022\/04\/ADP-Picto_DEEZER-1024x1024.png 1024w, https:\/\/www.advanceparis.com\/wp-content\/uploads\/2022\/04\/ADP-Picto_DEEZER-768x768.png 768w, https:\/\/www.advanceparis.com\/wp-content\/uploads\/2022\/04\/ADP-Picto_DEEZER-320x320.png 320w, https:\/\/www.advanceparis.com\/wp-content\/uploads\/2022\/04\/ADP-Picto_DEEZER.png 1182w\" sizes=\"auto, (max-width: 150px) 100vw, 150px\" \/><img loading=\"lazy\" decoding=\"async\" class=\"alignnone wp-image-323 size-thumbnail\" src=\"https:\/\/www.advanceparis.com\/wp-content\/uploads\/2022\/04\/ADP-Picto_TIDAL-150x150.png\" alt=\"\" width=\"150\" height=\"150\" srcset=\"https:\/\/www.advanceparis.com\/wp-content\/uploads\/2022\/04\/ADP-Picto_TIDAL-150x150.png 150w, https:\/\/www.advanceparis.com\/wp-content\/uploads\/2022\/04\/ADP-Picto_TIDAL-300x300.png 300w, https:\/\/www.advanceparis.com\/wp-content\/uploads\/2022\/04\/ADP-Picto_TIDAL-600x600.png 600w, https:\/\/www.advanceparis.com\/wp-content\/uploads\/2022\/04\/ADP-Picto_TIDAL-1024x1024.png 1024w, https:\/\/www.advanceparis.com\/wp-content\/uploads\/2022\/04\/ADP-Picto_TIDAL-768x768.png 768w, https:\/\/www.advanceparis.com\/wp-content\/uploads\/2022\/04\/ADP-Picto_TIDAL-320x320.png 320w, https:\/\/www.advanceparis.com\/wp-content\/uploads\/2022\/04\/ADP-Picto_TIDAL.png 1182w\" sizes=\"auto, (max-width: 150px) 100vw, 150px\" \/><img loading=\"lazy\" decoding=\"async\" class=\"alignnone wp-image-325 size-thumbnail\" src=\"https:\/\/www.advanceparis.com\/wp-content\/uploads\/2022\/04\/ADP-Picto_TUNE_IN-150x150.png\" alt=\"\" width=\"150\" height=\"150\" srcset=\"https:\/\/www.advanceparis.com\/wp-content\/uploads\/2022\/04\/ADP-Picto_TUNE_IN-150x150.png 150w, https:\/\/www.advanceparis.com\/wp-content\/uploads\/2022\/04\/ADP-Picto_TUNE_IN-300x300.png 300w, https:\/\/www.advanceparis.com\/wp-content\/uploads\/2022\/04\/ADP-Picto_TUNE_IN-600x600.png 600w, https:\/\/www.advanceparis.com\/wp-content\/uploads\/2022\/04\/ADP-Picto_TUNE_IN-1024x1024.png 1024w, https:\/\/www.advanceparis.com\/wp-content\/uploads\/2022\/04\/ADP-Picto_TUNE_IN-768x768.png 768w, https:\/\/www.advanceparis.com\/wp-content\/uploads\/2022\/04\/ADP-Picto_TUNE_IN-320x320.png 320w, https:\/\/www.advanceparis.com\/wp-content\/uploads\/2022\/04\/ADP-Picto_TUNE_IN.png 1182w\" sizes=\"auto, (max-width: 150px) 100vw, 150px\" \/><img loading=\"lazy\" decoding=\"async\" class=\"alignnone wp-image-324 size-thumbnail\" src=\"https:\/\/www.advanceparis.com\/wp-content\/uploads\/2022\/04\/ADP-Picto_TUNE_IN-copie-150x150.png\" alt=\"\" width=\"150\" height=\"150\" srcset=\"https:\/\/www.advanceparis.com\/wp-content\/uploads\/2022\/04\/ADP-Picto_TUNE_IN-copie-150x150.png 150w, https:\/\/www.advanceparis.com\/wp-content\/uploads\/2022\/04\/ADP-Picto_TUNE_IN-copie-300x300.png 300w, https:\/\/www.advanceparis.com\/wp-content\/uploads\/2022\/04\/ADP-Picto_TUNE_IN-copie-600x600.png 600w, https:\/\/www.advanceparis.com\/wp-content\/uploads\/2022\/04\/ADP-Picto_TUNE_IN-copie-1024x1024.png 1024w, https:\/\/www.advanceparis.com\/wp-content\/uploads\/2022\/04\/ADP-Picto_TUNE_IN-copie-768x768.png 768w, https:\/\/www.advanceparis.com\/wp-content\/uploads\/2022\/04\/ADP-Picto_TUNE_IN-copie-320x320.png 320w, https:\/\/www.advanceparis.com\/wp-content\/uploads\/2022\/04\/ADP-Picto_TUNE_IN-copie.png 1182w\" sizes=\"auto, (max-width: 150px) 100vw, 150px\" \/><\/p>\n<p>&nbsp;<\/p>","protected":false},"excerpt":{"rendered":"<p>Der PlayStream A7 ist ein integrierter Verst\u00e4rker mit Anschlussm\u00f6glichkeit. Mit einer Leistung von 115 W pro Kanal (an 8 Ohm) in Klasse AB wurde der A7 mit dem ultimativen Ziel entwickelt, den anspruchsvollen Audiophilen zufrieden zu stellen. Seine Klangwiedergabe ist kompromisslos und mit allen neuen High-Definition-Quellen kompatibel.<\/p>","protected":false},"featured_media":537,"template":"","meta":{"_acf_changed":false},"product_brand":[],"product_cat":[420,482],"product_tag":[316,344,315],"class_list":{"0":"post-535","1":"product","2":"type-product","3":"status-publish","4":"has-post-thumbnail","6":"product_cat-amplificateur-connecte","7":"product_cat-playstream","8":"product_tag-ethernet","9":"product_tag-vu","10":"product_tag-wifi","12":"first","13":"outofstock","14":"shipping-taxable","15":"purchasable","16":"product-type-variable","17":"has-default-attributes"},"acf":[],"jetpack_sharing_enabled":true,"_links":{"self":[{"href":"https:\/\/www.advanceparis.com\/de\/wp-json\/wp\/v2\/product\/535","targetHints":{"allow":["GET"]}}],"collection":[{"href":"https:\/\/www.advanceparis.com\/de\/wp-json\/wp\/v2\/product"}],"about":[{"href":"https:\/\/www.advanceparis.com\/de\/wp-json\/wp\/v2\/types\/product"}],"wp:featuredmedia":[{"embeddable":true,"href":"https:\/\/www.advanceparis.com\/de\/wp-json\/wp\/v2\/media\/537"}],"wp:attachment":[{"href":"https:\/\/www.advanceparis.com\/de\/wp-json\/wp\/v2\/media?parent=535"}],"wp:term":[{"taxonomy":"product_brand","embeddable":true,"href":"https:\/\/www.advanceparis.com\/de\/wp-json\/wp\/v2\/product_brand?post=535"},{"taxonomy":"product_cat","embeddable":true,"href":"https:\/\/www.advanceparis.com\/de\/wp-json\/wp\/v2\/product_cat?post=535"},{"taxonomy":"product_tag","embeddable":true,"href":"https:\/\/www.advanceparis.com\/de\/wp-json\/wp\/v2\/product_tag?post=535"}],"curies":[{"name":"wp","href":"https:\/\/api.w.org\/{rel}","templated":true}]}}