{"id":524,"date":"2022-05-12T10:26:20","date_gmt":"2022-05-12T08:26:20","guid":{"rendered":"https:\/\/www.advanceparis.com\/?post_type=product&#038;p=524"},"modified":"2025-03-07T16:52:05","modified_gmt":"2025-03-07T15:52:05","slug":"x-d500","status":"publish","type":"product","link":"https:\/\/www.advanceparis.com\/de\/produkt\/x-d500\/","title":{"rendered":"X-D500"},"content":{"rendered":"<p>Der X-D500 ist ein CD-Transporter, der sich auf seine Hauptaufgabe konzentriert: die reinste digitale Information von der CD zu extrahieren.<\/p>\n<p>Die Analogumwandlung muss \u00fcber einen Digital\/Analog-Wandler (DAC) oder einen Verst\u00e4rker mit digitalen Anschl\u00fcssen erfolgen.<\/p>\n<p>Die lineare Stromversorgung basiert auf 2 Ringkerntransformatoren f\u00fcr eine perfekte Trennung der verschiedenen Stromversorgungen. Schaltungen, die f\u00fcr den Betrieb des Produkts notwendig sind, wie die Steuerung der Mechanik, die Verarbeitung des vom Laser stammenden Signals...<\/p>\n<p>Eine Upscaling-Funktion erm\u00f6glicht es, das digitale Originalsignal(16bit\/44.1kHz) in ein High-Definition-Signal(24bit\/96kHz oder 24bit\/192kHz) umzuwandeln.<\/p>\n<p>Der X-D500 verf\u00fcgt \u00fcber ein Geh\u00e4use, das dank seines mechanischen Designs eine hohe Steifigkeit aufweist. Mit den digitalen Ausg\u00e4ngen Koaxial (RCA), Optisch (TOSLINK) und AES\/EBU (XLR) ist der X-D500 eine hochwertige CD-Quelle f\u00fcr Ihr HiFi-System.<\/p>\n<p>Kompatibel mit allen unseren Produkten (au\u00dfer dem X-i50BT), erm\u00f6glicht es Ihnen, Ihre CDs zu genie\u00dfen, die immer noch eine Referenz f\u00fcr ihre Audioqualit\u00e4t sind.<\/p>","protected":false},"excerpt":{"rendered":"<p>Le X-D500 est un Transport CD qui se concentre sur sa t\u00e2che principale : extraire l\u02bcinformation num\u00e9rique la plus pure [&hellip;]<\/p>\n","protected":false},"featured_media":3067,"template":"","meta":{"_acf_changed":false},"product_brand":[],"product_cat":[480,321],"product_tag":[],"class_list":{"0":"post-524","1":"product","2":"type-product","3":"status-publish","4":"has-post-thumbnail","6":"product_cat-classic-line","7":"product_cat-transport-cd","9":"first","10":"outofstock","11":"shipping-taxable","12":"purchasable","13":"product-type-simple"},"acf":[],"jetpack_sharing_enabled":true,"_links":{"self":[{"href":"https:\/\/www.advanceparis.com\/de\/wp-json\/wp\/v2\/product\/524","targetHints":{"allow":["GET"]}}],"collection":[{"href":"https:\/\/www.advanceparis.com\/de\/wp-json\/wp\/v2\/product"}],"about":[{"href":"https:\/\/www.advanceparis.com\/de\/wp-json\/wp\/v2\/types\/product"}],"wp:featuredmedia":[{"embeddable":true,"href":"https:\/\/www.advanceparis.com\/de\/wp-json\/wp\/v2\/media\/3067"}],"wp:attachment":[{"href":"https:\/\/www.advanceparis.com\/de\/wp-json\/wp\/v2\/media?parent=524"}],"wp:term":[{"taxonomy":"product_brand","embeddable":true,"href":"https:\/\/www.advanceparis.com\/de\/wp-json\/wp\/v2\/product_brand?post=524"},{"taxonomy":"product_cat","embeddable":true,"href":"https:\/\/www.advanceparis.com\/de\/wp-json\/wp\/v2\/product_cat?post=524"},{"taxonomy":"product_tag","embeddable":true,"href":"https:\/\/www.advanceparis.com\/de\/wp-json\/wp\/v2\/product_tag?post=524"}],"curies":[{"name":"wp","href":"https:\/\/api.w.org\/{rel}","templated":true}]}}