{"id":486,"date":"2022-05-11T16:08:29","date_gmt":"2022-05-11T14:08:29","guid":{"rendered":"https:\/\/www.advanceparis.com\/?post_type=product&#038;p=486"},"modified":"2024-10-16T10:46:01","modified_gmt":"2024-10-16T08:46:01","slug":"x-p1200","status":"publish","type":"product","link":"https:\/\/www.advanceparis.com\/de\/produkt\/x-p1200\/","title":{"rendered":"X-P1200"},"content":{"rendered":"<h3 class=\"p2\">Respekt f\u00fcr Ihre Quellen<\/h3>\n<p class=\"p2\">Der neue Vorverst\u00e4rker X-P1200 ist das Schaufenster unseres Know-hows. Als Stereo-Vorverst\u00e4rker der Referenzklasse besteht er eigentlich aus zwei Mono-Vorverst\u00e4rkern, die in einem einzigen, unterteilten Geh\u00e4use zusammengebaut sind, um eine vollst\u00e4ndige Isolierung der verschiedenen Vorverst\u00e4rkerschaltungen und -stufen zu gew\u00e4hrleisten.<span class=\"Apple-converted-space\">\u00a0<\/span><\/p>\n<p class=\"p2\">Diese Konstruktion sorgt f\u00fcr eine bessere Trennung der Kan\u00e4le (\u00dcbersprechen) und damit f\u00fcr einen besseren Stereoeffekt.<span class=\"Apple-converted-space\">\u00a0<\/span><\/p>\n<p class=\"p2\">Ihr X-P1200 verf\u00fcgt nicht nur \u00fcber unabh\u00e4ngige Vorverst\u00e4rkerschaltungen f\u00fcr den linken und rechten Kanal, sondern auch \u00fcber eine eigene Stromversorgung.<span class=\"Apple-converted-space\">\u00a0<\/span>dass wir uns daf\u00fcr entschieden haben, sie v\u00f6llig unabh\u00e4ngig zu machen<span class=\"Apple-converted-space\">\u00a0<\/span>durch die Verwendung von zwei Transformatoren.<span class=\"Apple-converted-space\">\u00a0<\/span><\/p>\n<p class=\"p2\">Der X-P1200 ist mit 9 analogen Eing\u00e4ngen ausgestattet, von denen 2 Eing\u00e4nge<span class=\"Apple-converted-space\">\u00a0<\/span>Symmetrische XLR-Eing\u00e4nge, ein USB-B-Eingang (XMOS), 2 koaxiale Digitaleing\u00e4nge und 2 Digitaleing\u00e4nge. Ausgangsseite,<span class=\"Apple-converted-space\">\u00a0<\/span>haben Sie die Wahl zwischen einem symmetrischen XLR-Ausgang<span class=\"Apple-converted-space\"> \u00a0<\/span>oder unsymmetrisch vom Typ Cinch.<span class=\"Apple-converted-space\">\u00a0<\/span>Alles wurde durchdacht, um diesen Vorverst\u00e4rker zur Referenz der<span class=\"Apple-converted-space\"> \u00a0<\/span>beste Audiosysteme: Netzeingang mit Filterung durch Drosseln<span class=\"Apple-converted-space\">\u00a0<\/span>und Kondensatoren, zwei Ringkerntransformatoren mit hoher<span class=\"Apple-converted-space\">\u00a0<\/span>Stromkapazit\u00e4t, Filterung bestehend aus 4 Kondensatoren 12000uF \/ 150V.<span class=\"Apple-converted-space\">\u00a0<\/span><\/p>\n<p class=\"p2\">Die Regelung erfolgt durch integrierte Schaltkreise, die auf K\u00fchlk\u00f6rpern montiert sind.<span class=\"Apple-converted-space\"> \u00a0<\/span>Die Umschaltung der Eing\u00e4nge und Ausg\u00e4nge erfolgt \u00fcber Relais ohne Kontaktverlust. Die Symmetrierung der Cinch-Eing\u00e4nge und die De-Symmetrisierung erfolgt mit Hilfe von hochwertigen Operationsverst\u00e4rkern vom Typ Burr Brown.<span class=\"Apple-converted-space\">\u00a0<\/span><\/p>\n<p class=\"p2\">F\u00fcr die Verarbeitung der digitalen Quellen ist ein Analog Device AD-1955-Wandler zust\u00e4ndig. Dieser Wandler eignet sich besonders f\u00fcr High-End- und SACD-Anwendungen. Die Qualit\u00e4t der Digital\/Analog-Dekodierung ist mit einem Signal-Rausch-Abstand von 123 dB und einer Top-Audioqualit\u00e4t auf sehr hohem Niveau. Er besteht aus einem Multibit-Sigmadelta-Modulator, hochleistungsf\u00e4higen digitalen Interpolationsfiltern und einem zeitkontinuierlichen Differenzstrom-Ausgangs-DAC.<span class=\"Apple-converted-space\">\u00a0<\/span><\/p>\n<p class=\"p2\">F\u00fcr die Wiedergabe von Audiodateien von einem PC oder MAC-Computer ist XMOS zust\u00e4ndig, eine Referenzl\u00f6sung f\u00fcr hochwertige Audiowiedergabe.<span class=\"Apple-converted-space\">\u00a0<\/span><\/p>\n<p class=\"p3\">Zweifellos wird der X-P1200 mit der Monoeinheit X-A1200 zu einem au\u00dfergew\u00f6hnlichen Hifi-System kombiniert.<span class=\"Apple-converted-space\">\u00a0<\/span><\/p>\n<p>&nbsp;<\/p>\n<style>.imh-6310-point-icons{display: none}<\/style>\r\n<div \r\n   class=\"imh-6310-annotation-box imh-6310-annotation-box-12\" \r\n   data-id=\"12\"\r\n   data-display-type=\"0\"\r\n   >\r\n<img decoding=\"async\" src=\"https:\/\/www.advanceparis.com\/wp-content\/uploads\/2022\/09\/X-P1200-Rear.jpg\" class=\"imh-6310-main-image imh-6310-img\" data-imh-cls=\"imh-6310-main-image imh-6310-img\"  data-imh-value=\"https:\/\/www.advanceparis.com\/wp-content\/uploads\/2022\/09\/X-P1200-Rear.jpg\"  \/>\r\n   \r\n            <div data-id='1' data-always-show='0' data-json='{&quot;iconType&quot;:1,&quot;fontAwesomeIcon&quot;:&quot;fas fa-plus&quot;,&quot;fontAwesomeHoverIcon&quot;:&quot;fas fa-plus&quot;,&quot;fontAwesomeIconColor&quot;:&quot;rgba(255, 255, 255, 1)&quot;,&quot;fontAwesomeIconHoverColor&quot;:&quot;rgba(255, 255, 255, 1)&quot;,&quot;fontAwesomIconSize&quot;:&quot;30&quot;,&quot;fontAwesomIconSizeInMobile&quot;:&quot;20&quot;,&quot;imgOrIconSize&quot;:&quot;30&quot;,&quot;imgOrIconSizeInMobile&quot;:&quot;20&quot;,&quot;customFirstImg&quot;:&quot;&quot;,&quot;customSecondImg&quot;:&quot;&quot;,&quot;customText&quot;:&quot;Hover here&quot;,&quot;customTextSize&quot;:&quot;16&quot;,&quot;customTextColor&quot;:&quot;rgb(255, 255, 255)&quot;,&quot;customTextBgColor&quot;:&quot;rgba(2, 59, 92, 0.99)&quot;,&quot;blinkTooltip&quot;:&quot;1&quot;,&quot;glowColor&quot;:&quot;rgb(255, 255, 255)&quot;,&quot;selectedTemplate&quot;:&quot;01&quot;,&quot;linkText&quot;:&quot;La prise TRIGGER permet la mise en route d&#039;autres produits lorsque vous allumez le X-P1200&quot;,&quot;linkURL&quot;:&quot;www.wpmart.org&quot;,&quot;openNewTab&quot;:&quot;1&quot;,&quot;openPopup&quot;:&quot;1&quot;,&quot;openDesImg&quot;:&quot;&quot;,&quot;openDescription&quot;:&quot;Lorem ipsum dolor sit amet consectetur adipisicing elit. Debitis vero maxime beatae fugiat, aspernatur quia.&quot;,&quot;openDesFontSize&quot;:&quot;16&quot;,&quot;openDesFontColor&quot;:&quot;rgb(0, 0, 0)&quot;,&quot;tempCommonFontSize&quot;:&quot;16&quot;,&quot;tempCommonFontColor&quot;:&quot;rgb(18, 0, 0)&quot;,&quot;tempCommonBgColor&quot;:&quot;rgb(255, 255, 255)&quot;,&quot;tem02EmbeddedLink&quot;:&quot;&quot;,&quot;customeHtmlCode&quot;:&quot;&quot;,&quot;customeCssCode&quot;:&quot;&quot;,&quot;customeCodePopup&quot;:&quot;&quot;,&quot;popupCustomHtml&quot;:&quot;&quot;,&quot;popupCustomCss&quot;:&quot;&quot;,&quot;popupCustomCodeWidth&quot;:&quot;&quot;,&quot;customIconLinkType&quot;:&quot;2&quot;,&quot;elementType&quot;:1,&quot;xPos&quot;:&quot;38.20&quot;,&quot;yPos&quot;:&quot;88.87&quot;,&quot;tWidth&quot;:&quot;2196.171875&quot;,&quot;iconWidth&quot;:&quot;26.25&quot;}' class='imh-6310-drag imh-6310-point-12-1' style='style: display: none' >\r\n               <div class='imh-6310-point-icons imh-6310-point-icons-12-1'>\r\n                                            \r\n                <i class='fas fa-plus imh-6310-pin-main-img imh-6310-blinking-12-1'><\/i>\r\n                <i class='fas fa-plus imh-6310-pin-hover-img imh-6310-blinking-hover-12-1'><\/i>              \r\n              \r\n               <\/div>\r\n            <\/div>  \r\n            \r\n               <div class='imh-6310-hover-content imh-6310-hover-content-12-1' data-always-show='0' style='display:none;'>\r\n               \r\n               <div class='imh-6310-template-01-hover-content'><div class='imh-6310-close-button imh-6310-close-button-mobile'><\/div>Die TRIGGER-Buchse erm\u00f6glicht das Einschalten anderer Produkte, wenn Sie die X-P1200 einschalten.<\/div>\r\n               \r\n            <\/div>\r\n            \r\n            <div data-id='2' data-always-show='0' data-json='{&quot;iconType&quot;:1,&quot;fontAwesomeIcon&quot;:&quot;fas fa-plus&quot;,&quot;fontAwesomeHoverIcon&quot;:&quot;fas fa-plus&quot;,&quot;fontAwesomeIconColor&quot;:&quot;rgba(255, 255, 255, 1)&quot;,&quot;fontAwesomeIconHoverColor&quot;:&quot;rgba(255, 255, 255, 1)&quot;,&quot;fontAwesomIconSize&quot;:&quot;30&quot;,&quot;fontAwesomIconSizeInMobile&quot;:&quot;20&quot;,&quot;imgOrIconSize&quot;:&quot;30&quot;,&quot;imgOrIconSizeInMobile&quot;:&quot;20&quot;,&quot;customFirstImg&quot;:&quot;&quot;,&quot;customSecondImg&quot;:&quot;&quot;,&quot;customText&quot;:&quot;Hover here&quot;,&quot;customTextSize&quot;:&quot;16&quot;,&quot;customTextColor&quot;:&quot;rgb(255, 255, 255)&quot;,&quot;customTextBgColor&quot;:&quot;rgba(2, 59, 92, 0.99)&quot;,&quot;blinkTooltip&quot;:&quot;1&quot;,&quot;alwaysShow&quot;:&quot;2&quot;,&quot;glowColor&quot;:&quot;rgb(255, 255, 255)&quot;,&quot;selectedTemplate&quot;:&quot;01&quot;,&quot;linkText&quot;:&quot;Entr\\u00e9es num\\u00e9riques y compris une entr\\u00e9e USB pour votre ordinateur&quot;,&quot;linkURL&quot;:&quot;www.wpmart.org&quot;,&quot;openNewTab&quot;:&quot;1&quot;,&quot;openPopup&quot;:&quot;1&quot;,&quot;openDesImg&quot;:&quot;&quot;,&quot;openDescription&quot;:&quot;Lorem ipsum dolor sit amet consectetur adipisicing elit. Debitis vero maxime beatae fugiat, aspernatur quia.&quot;,&quot;openDesFontSize&quot;:&quot;16&quot;,&quot;openDesFontColor&quot;:&quot;rgb(0, 0, 0)&quot;,&quot;tempCommonFontSize&quot;:&quot;16&quot;,&quot;tempCommonFontColor&quot;:&quot;rgb(18, 0, 0)&quot;,&quot;tempCommonBgColor&quot;:&quot;rgb(255, 255, 255)&quot;,&quot;tem02EmbeddedLink&quot;:&quot;&quot;,&quot;customeHtmlCode&quot;:&quot;&quot;,&quot;customeCssCode&quot;:&quot;&quot;,&quot;customeCodePopup&quot;:&quot;&quot;,&quot;popupCustomHtml&quot;:&quot;&quot;,&quot;popupCustomCss&quot;:&quot;&quot;,&quot;popupCustomCodeWidth&quot;:&quot;&quot;,&quot;customIconLinkType&quot;:&quot;2&quot;,&quot;elementType&quot;:1,&quot;xPos&quot;:&quot;53.91&quot;,&quot;yPos&quot;:&quot;91.86&quot;,&quot;tWidth&quot;:&quot;2196.171875&quot;,&quot;iconWidth&quot;:&quot;26.25&quot;}' class='imh-6310-drag imh-6310-point-12-2' style='style: display: none' >\r\n               <div class='imh-6310-point-icons imh-6310-point-icons-12-2'>\r\n                                            \r\n                <i class='fas fa-plus imh-6310-pin-main-img imh-6310-blinking-12-2'><\/i>\r\n                <i class='fas fa-plus imh-6310-pin-hover-img imh-6310-blinking-hover-12-2'><\/i>              \r\n              \r\n               <\/div>\r\n            <\/div>  \r\n            \r\n               <div class='imh-6310-hover-content imh-6310-hover-content-12-2' data-always-show='0' style='display:none;'>\r\n               \r\n               <div class='imh-6310-template-01-hover-content'><div class='imh-6310-close-button imh-6310-close-button-mobile'><\/div>Digitale Eing\u00e4nge einschlie\u00dflich eines USB-Eingangs f\u00fcr Ihren Computer<\/div>\r\n               \r\n            <\/div>\r\n            \r\n            <div data-id='3' data-always-show='0' data-json='{&quot;iconType&quot;:1,&quot;fontAwesomeIcon&quot;:&quot;fas fa-plus&quot;,&quot;fontAwesomeHoverIcon&quot;:&quot;fas fa-plus&quot;,&quot;fontAwesomeIconColor&quot;:&quot;rgba(255, 255, 255, 1)&quot;,&quot;fontAwesomeIconHoverColor&quot;:&quot;rgba(255, 255, 255, 1)&quot;,&quot;fontAwesomIconSize&quot;:&quot;30&quot;,&quot;fontAwesomIconSizeInMobile&quot;:&quot;20&quot;,&quot;imgOrIconSize&quot;:&quot;30&quot;,&quot;imgOrIconSizeInMobile&quot;:&quot;20&quot;,&quot;customFirstImg&quot;:&quot;&quot;,&quot;customSecondImg&quot;:&quot;&quot;,&quot;customText&quot;:&quot;Hover here&quot;,&quot;customTextSize&quot;:&quot;16&quot;,&quot;customTextColor&quot;:&quot;rgb(255, 255, 255)&quot;,&quot;customTextBgColor&quot;:&quot;rgba(2, 59, 92, 0.99)&quot;,&quot;blinkTooltip&quot;:&quot;1&quot;,&quot;alwaysShow&quot;:&quot;2&quot;,&quot;glowColor&quot;:&quot;rgb(255, 255, 255)&quot;,&quot;selectedTemplate&quot;:&quot;01&quot;,&quot;linkText&quot;:&quot;Sorties analogiques asym\\u00e9triques (RCA) et asym\\u00e9triques (XLR)&quot;,&quot;linkURL&quot;:&quot;www.wpmart.org&quot;,&quot;openNewTab&quot;:&quot;1&quot;,&quot;openPopup&quot;:&quot;1&quot;,&quot;openDesImg&quot;:&quot;&quot;,&quot;openDescription&quot;:&quot;Lorem ipsum dolor sit amet consectetur adipisicing elit. Debitis vero maxime beatae fugiat, aspernatur quia.&quot;,&quot;openDesFontSize&quot;:&quot;16&quot;,&quot;openDesFontColor&quot;:&quot;rgb(0, 0, 0)&quot;,&quot;tempCommonFontSize&quot;:&quot;16&quot;,&quot;tempCommonFontColor&quot;:&quot;rgb(18, 0, 0)&quot;,&quot;tempCommonBgColor&quot;:&quot;rgb(255, 255, 255)&quot;,&quot;tem02EmbeddedLink&quot;:&quot;&quot;,&quot;customeHtmlCode&quot;:&quot;&quot;,&quot;customeCssCode&quot;:&quot;&quot;,&quot;customeCodePopup&quot;:&quot;&quot;,&quot;popupCustomHtml&quot;:&quot;&quot;,&quot;popupCustomCss&quot;:&quot;&quot;,&quot;popupCustomCodeWidth&quot;:&quot;&quot;,&quot;customIconLinkType&quot;:&quot;2&quot;,&quot;elementType&quot;:1,&quot;xPos&quot;:&quot;11.16&quot;,&quot;yPos&quot;:&quot;70.42&quot;,&quot;tWidth&quot;:&quot;2196.171875&quot;,&quot;iconWidth&quot;:&quot;26.25&quot;}' class='imh-6310-drag imh-6310-point-12-3' style='style: display: none' >\r\n               <div class='imh-6310-point-icons imh-6310-point-icons-12-3'>\r\n                                            \r\n                <i class='fas fa-plus imh-6310-pin-main-img imh-6310-blinking-12-3'><\/i>\r\n                <i class='fas fa-plus imh-6310-pin-hover-img imh-6310-blinking-hover-12-3'><\/i>              \r\n              \r\n               <\/div>\r\n            <\/div>  \r\n            \r\n               <div class='imh-6310-hover-content imh-6310-hover-content-12-3' data-always-show='0' style='display:none;'>\r\n               \r\n               <div class='imh-6310-template-01-hover-content'><div class='imh-6310-close-button imh-6310-close-button-mobile'><\/div>Unsymmetrische (RCA) und unsymmetrische (XLR) Analogausg\u00e4nge<\/div>\r\n               \r\n            <\/div>\r\n            \r\n            <div data-id='4' data-always-show='0' data-json='{&quot;iconType&quot;:1,&quot;fontAwesomeIcon&quot;:&quot;fas fa-plus&quot;,&quot;fontAwesomeHoverIcon&quot;:&quot;fas fa-plus&quot;,&quot;fontAwesomeIconColor&quot;:&quot;rgba(255, 255, 255, 1)&quot;,&quot;fontAwesomeIconHoverColor&quot;:&quot;rgba(255, 255, 255, 1)&quot;,&quot;fontAwesomIconSize&quot;:&quot;30&quot;,&quot;fontAwesomIconSizeInMobile&quot;:&quot;20&quot;,&quot;imgOrIconSize&quot;:&quot;30&quot;,&quot;imgOrIconSizeInMobile&quot;:&quot;20&quot;,&quot;customFirstImg&quot;:&quot;&quot;,&quot;customSecondImg&quot;:&quot;&quot;,&quot;customText&quot;:&quot;Hover here&quot;,&quot;customTextSize&quot;:&quot;16&quot;,&quot;customTextColor&quot;:&quot;rgb(255, 255, 255)&quot;,&quot;customTextBgColor&quot;:&quot;rgba(2, 59, 92, 0.99)&quot;,&quot;blinkTooltip&quot;:&quot;1&quot;,&quot;alwaysShow&quot;:&quot;2&quot;,&quot;glowColor&quot;:&quot;rgb(255, 255, 255)&quot;,&quot;selectedTemplate&quot;:&quot;01&quot;,&quot;linkText&quot;:&quot;Sorties analogiques asym\\u00e9triques (RCA) et asym\\u00e9triques (XLR)&quot;,&quot;linkURL&quot;:&quot;www.wpmart.org&quot;,&quot;openNewTab&quot;:&quot;1&quot;,&quot;openPopup&quot;:&quot;1&quot;,&quot;openDesImg&quot;:&quot;&quot;,&quot;openDescription&quot;:&quot;Lorem ipsum dolor sit amet consectetur adipisicing elit. Debitis vero maxime beatae fugiat, aspernatur quia.&quot;,&quot;openDesFontSize&quot;:&quot;16&quot;,&quot;openDesFontColor&quot;:&quot;rgb(0, 0, 0)&quot;,&quot;tempCommonFontSize&quot;:&quot;16&quot;,&quot;tempCommonFontColor&quot;:&quot;rgb(18, 0, 0)&quot;,&quot;tempCommonBgColor&quot;:&quot;rgb(255, 255, 255)&quot;,&quot;tem02EmbeddedLink&quot;:&quot;&quot;,&quot;customeHtmlCode&quot;:&quot;&quot;,&quot;customeCssCode&quot;:&quot;&quot;,&quot;customeCodePopup&quot;:&quot;&quot;,&quot;popupCustomHtml&quot;:&quot;&quot;,&quot;popupCustomCss&quot;:&quot;&quot;,&quot;popupCustomCodeWidth&quot;:&quot;&quot;,&quot;customIconLinkType&quot;:&quot;2&quot;,&quot;elementType&quot;:1,&quot;xPos&quot;:&quot;87.52&quot;,&quot;yPos&quot;:&quot;68.79&quot;,&quot;tWidth&quot;:&quot;2196.171875&quot;,&quot;iconWidth&quot;:&quot;26.25&quot;}' class='imh-6310-drag imh-6310-point-12-4' style='style: display: none' >\r\n               <div class='imh-6310-point-icons imh-6310-point-icons-12-4'>\r\n                                            \r\n                <i class='fas fa-plus imh-6310-pin-main-img imh-6310-blinking-12-4'><\/i>\r\n                <i class='fas fa-plus imh-6310-pin-hover-img imh-6310-blinking-hover-12-4'><\/i>              \r\n              \r\n               <\/div>\r\n            <\/div>  \r\n            \r\n               <div class='imh-6310-hover-content imh-6310-hover-content-12-4' data-always-show='0' style='display:none;'>\r\n               \r\n               <div class='imh-6310-template-01-hover-content'><div class='imh-6310-close-button imh-6310-close-button-mobile'><\/div>Unsymmetrische (RCA) und unsymmetrische (XLR) Analogausg\u00e4nge<\/div>\r\n               \r\n            <\/div>\r\n            \r\n            <div data-id='5' data-always-show='0' data-json='{&quot;iconType&quot;:1,&quot;fontAwesomeIcon&quot;:&quot;fas fa-plus&quot;,&quot;fontAwesomeHoverIcon&quot;:&quot;fas fa-plus&quot;,&quot;fontAwesomeIconColor&quot;:&quot;rgba(255, 255, 255, 1)&quot;,&quot;fontAwesomeIconHoverColor&quot;:&quot;rgba(255, 255, 255, 1)&quot;,&quot;fontAwesomIconSize&quot;:&quot;30&quot;,&quot;fontAwesomIconSizeInMobile&quot;:&quot;20&quot;,&quot;imgOrIconSize&quot;:&quot;30&quot;,&quot;imgOrIconSizeInMobile&quot;:&quot;20&quot;,&quot;customFirstImg&quot;:&quot;&quot;,&quot;customSecondImg&quot;:&quot;&quot;,&quot;customText&quot;:&quot;Hover here&quot;,&quot;customTextSize&quot;:&quot;16&quot;,&quot;customTextColor&quot;:&quot;rgb(255, 255, 255)&quot;,&quot;customTextBgColor&quot;:&quot;rgba(2, 59, 92, 0.99)&quot;,&quot;blinkTooltip&quot;:&quot;1&quot;,&quot;alwaysShow&quot;:&quot;2&quot;,&quot;glowColor&quot;:&quot;rgb(255, 255, 255)&quot;,&quot;selectedTemplate&quot;:&quot;01&quot;,&quot;linkText&quot;:&quot;Entr\\u00e9es analogiques asym\\u00e9triques (RCA) et asym\\u00e9triques (XLR) cot\\u00e9 droit&quot;,&quot;linkURL&quot;:&quot;www.wpmart.org&quot;,&quot;openNewTab&quot;:&quot;1&quot;,&quot;openPopup&quot;:&quot;1&quot;,&quot;openDesImg&quot;:&quot;&quot;,&quot;openDescription&quot;:&quot;Lorem ipsum dolor sit amet consectetur adipisicing elit. Debitis vero maxime beatae fugiat, aspernatur quia.&quot;,&quot;openDesFontSize&quot;:&quot;16&quot;,&quot;openDesFontColor&quot;:&quot;rgb(0, 0, 0)&quot;,&quot;tempCommonFontSize&quot;:&quot;16&quot;,&quot;tempCommonFontColor&quot;:&quot;rgb(18, 0, 0)&quot;,&quot;tempCommonBgColor&quot;:&quot;rgb(255, 255, 255)&quot;,&quot;tem02EmbeddedLink&quot;:&quot;&quot;,&quot;customeHtmlCode&quot;:&quot;&quot;,&quot;customeCssCode&quot;:&quot;&quot;,&quot;customeCodePopup&quot;:&quot;&quot;,&quot;popupCustomHtml&quot;:&quot;&quot;,&quot;popupCustomCss&quot;:&quot;&quot;,&quot;popupCustomCodeWidth&quot;:&quot;&quot;,&quot;customIconLinkType&quot;:&quot;2&quot;,&quot;elementType&quot;:1,&quot;xPos&quot;:&quot;22.13&quot;,&quot;yPos&quot;:&quot;33.79&quot;,&quot;tWidth&quot;:&quot;2196.171875&quot;,&quot;iconWidth&quot;:&quot;26.25&quot;}' class='imh-6310-drag imh-6310-point-12-5' style='style: display: none' >\r\n               <div class='imh-6310-point-icons imh-6310-point-icons-12-5'>\r\n                                            \r\n                <i class='fas fa-plus imh-6310-pin-main-img imh-6310-blinking-12-5'><\/i>\r\n                <i class='fas fa-plus imh-6310-pin-hover-img imh-6310-blinking-hover-12-5'><\/i>              \r\n              \r\n               <\/div>\r\n            <\/div>  \r\n            \r\n               <div class='imh-6310-hover-content imh-6310-hover-content-12-5' data-always-show='0' style='display:none;'>\r\n               \r\n               <div class='imh-6310-template-01-hover-content'><div class='imh-6310-close-button imh-6310-close-button-mobile'><\/div>Asymmetrische (RCA) und unsymmetrische (XLR) analoge Eing\u00e4nge auf der rechten Seite<\/div>\r\n               \r\n            <\/div>\r\n            \r\n            <div data-id='6' data-always-show='0' data-json='{&quot;iconType&quot;:1,&quot;fontAwesomeIcon&quot;:&quot;fas fa-plus&quot;,&quot;fontAwesomeHoverIcon&quot;:&quot;fas fa-plus&quot;,&quot;fontAwesomeIconColor&quot;:&quot;rgba(255, 255, 255, 1)&quot;,&quot;fontAwesomeIconHoverColor&quot;:&quot;rgba(255, 255, 255, 1)&quot;,&quot;fontAwesomIconSize&quot;:&quot;30&quot;,&quot;fontAwesomIconSizeInMobile&quot;:&quot;20&quot;,&quot;imgOrIconSize&quot;:&quot;30&quot;,&quot;imgOrIconSizeInMobile&quot;:&quot;20&quot;,&quot;customFirstImg&quot;:&quot;&quot;,&quot;customSecondImg&quot;:&quot;&quot;,&quot;customText&quot;:&quot;Hover here&quot;,&quot;customTextSize&quot;:&quot;16&quot;,&quot;customTextColor&quot;:&quot;rgb(255, 255, 255)&quot;,&quot;customTextBgColor&quot;:&quot;rgba(2, 59, 92, 0.99)&quot;,&quot;blinkTooltip&quot;:&quot;1&quot;,&quot;alwaysShow&quot;:&quot;2&quot;,&quot;glowColor&quot;:&quot;rgb(255, 255, 255)&quot;,&quot;selectedTemplate&quot;:&quot;01&quot;,&quot;linkText&quot;:&quot;Entr\\u00e9es analogiques asym\\u00e9triques (RCA) et asym\\u00e9triques (XLR) cot\\u00e9 gauche&quot;,&quot;linkURL&quot;:&quot;www.wpmart.org&quot;,&quot;openNewTab&quot;:&quot;1&quot;,&quot;openPopup&quot;:&quot;1&quot;,&quot;openDesImg&quot;:&quot;&quot;,&quot;openDescription&quot;:&quot;Lorem ipsum dolor sit amet consectetur adipisicing elit. Debitis vero maxime beatae fugiat, aspernatur quia.&quot;,&quot;openDesFontSize&quot;:&quot;16&quot;,&quot;openDesFontColor&quot;:&quot;rgb(0, 0, 0)&quot;,&quot;tempCommonFontSize&quot;:&quot;16&quot;,&quot;tempCommonFontColor&quot;:&quot;rgb(18, 0, 0)&quot;,&quot;tempCommonBgColor&quot;:&quot;rgb(255, 255, 255)&quot;,&quot;tem02EmbeddedLink&quot;:&quot;&quot;,&quot;customeHtmlCode&quot;:&quot;&quot;,&quot;customeCssCode&quot;:&quot;&quot;,&quot;customeCodePopup&quot;:&quot;&quot;,&quot;popupCustomHtml&quot;:&quot;&quot;,&quot;popupCustomCss&quot;:&quot;&quot;,&quot;popupCustomCodeWidth&quot;:&quot;&quot;,&quot;customIconLinkType&quot;:&quot;2&quot;,&quot;elementType&quot;:1,&quot;xPos&quot;:&quot;75.81&quot;,&quot;yPos&quot;:&quot;34.87&quot;,&quot;tWidth&quot;:&quot;2196.171875&quot;,&quot;iconWidth&quot;:&quot;26.25&quot;}' class='imh-6310-drag imh-6310-point-12-6' style='style: display: none' >\r\n               <div class='imh-6310-point-icons imh-6310-point-icons-12-6'>\r\n                                            \r\n                <i class='fas fa-plus imh-6310-pin-main-img imh-6310-blinking-12-6'><\/i>\r\n                <i class='fas fa-plus imh-6310-pin-hover-img imh-6310-blinking-hover-12-6'><\/i>              \r\n              \r\n               <\/div>\r\n            <\/div>  \r\n            \r\n               <div class='imh-6310-hover-content imh-6310-hover-content-12-6' data-always-show='0' style='display:none;'>\r\n               \r\n               <div class='imh-6310-template-01-hover-content'><div class='imh-6310-close-button imh-6310-close-button-mobile'><\/div>Asymmetrische (RCA) und unsymmetrische (XLR) analoge Eing\u00e4nge auf der linken Seite<\/div>\r\n               \r\n            <\/div>\r\n            <\/div>","protected":false},"excerpt":{"rendered":"<p>Um die Erwartungen der anspruchsvollsten Musikliebhaber zu erf\u00fcllen, die dem Endergebnis ihres Audiosystems besondere Aufmerksamkeit widmen und einen gro\u00dfen Teil ihrer Freizeit dem Musikh\u00f6ren widmen, haben wir den monophonen Leistungsverst\u00e4rker X-A1200 entwickelt.<\/p>","protected":false},"featured_media":3065,"template":"","meta":{"_acf_changed":false},"product_brand":[],"product_cat":[480,479,424],"product_tag":[],"class_list":{"0":"post-486","1":"product","2":"type-product","3":"status-publish","4":"has-post-thumbnail","6":"product_cat-classic-line","7":"product_cat-gamme","8":"product_cat-pre-amplificateur","10":"first","11":"instock","12":"shipping-taxable","13":"purchasable","14":"product-type-simple"},"acf":[],"jetpack_sharing_enabled":true,"_links":{"self":[{"href":"https:\/\/www.advanceparis.com\/de\/wp-json\/wp\/v2\/product\/486","targetHints":{"allow":["GET"]}}],"collection":[{"href":"https:\/\/www.advanceparis.com\/de\/wp-json\/wp\/v2\/product"}],"about":[{"href":"https:\/\/www.advanceparis.com\/de\/wp-json\/wp\/v2\/types\/product"}],"wp:featuredmedia":[{"embeddable":true,"href":"https:\/\/www.advanceparis.com\/de\/wp-json\/wp\/v2\/media\/3065"}],"wp:attachment":[{"href":"https:\/\/www.advanceparis.com\/de\/wp-json\/wp\/v2\/media?parent=486"}],"wp:term":[{"taxonomy":"product_brand","embeddable":true,"href":"https:\/\/www.advanceparis.com\/de\/wp-json\/wp\/v2\/product_brand?post=486"},{"taxonomy":"product_cat","embeddable":true,"href":"https:\/\/www.advanceparis.com\/de\/wp-json\/wp\/v2\/product_cat?post=486"},{"taxonomy":"product_tag","embeddable":true,"href":"https:\/\/www.advanceparis.com\/de\/wp-json\/wp\/v2\/product_tag?post=486"}],"curies":[{"name":"wp","href":"https:\/\/api.w.org\/{rel}","templated":true}]}}