{"id":300,"date":"2022-04-22T08:36:26","date_gmt":"2022-04-22T06:36:26","guid":{"rendered":"https:\/\/www.advanceparis.com\/?post_type=product&#038;p=300"},"modified":"2025-03-07T16:54:41","modified_gmt":"2025-03-07T15:54:41","slug":"bx-1","status":"publish","type":"product","link":"https:\/\/www.advanceparis.com\/de\/produkt\/bx-1\/","title":{"rendered":"BX-1"},"content":{"rendered":"<h3>Kompakte Leistung<\/h3>\n<p>Der BX1 ist ein Leistungsverst\u00e4rker, den Sie mit unserem AX1, DX1 oder PX1 kombinieren k\u00f6nnen.<\/p>\n<p>Dieser Verst\u00e4rker mit einer Leistung von 2x105W an 8 Ohm kann dank seiner Vielseitigkeit, Neutralit\u00e4t und Dynamik die meisten Lautsprecher auf dem Markt antreiben. Die transparente Methacrylat-Frontplatte mit wei\u00dfem oder schwarzem Hintergrund ist \u00e4sthetisch ansprechend und ergonomisch gestaltet.<\/p>\n<p>Unser BX1 verf\u00fcgt \u00fcber einen Cinch- (unsymmetrisch) oder XLR-Anschluss (symmetrisch), der mit einem kleinen Schalter umgeschaltet werden kann. Der BX1 verf\u00fcgt \u00fcber eine High-Bias-Funktion, die es dem Verst\u00e4rker erm\u00f6glicht, die ersten Watt in einem Modus zu liefern, der mit Klasse A vergleichbar ist. Dar\u00fcber hinaus wird der Verst\u00e4rker in Klasse AB betrieben. Die interne Struktur ist in Kammern unterteilt, die f\u00fcr mechanische Steifigkeit und Abschirmung der einzelnen Komponenten sorgen, angefangen beim 480-VA-Ringkerntransformator. Der gleichgerichtete Strom flie\u00dft durch vier Kondensatoren mit 6800uF bei 63V. Die Endstufen werden von einer ganzen Batterie von Toshiba-Transistoren bedient, die f\u00fcr ihre Audioqualit\u00e4t bekannt sind. Das H\u00f6rerlebnis ist neutral und transparent und zeichnet sich durch eine hervorragende Pegelfestigkeit aus. Die B\u00e4sse sind kr\u00e4ftig und stabil, ohne schwer zu klingen, und die Mitten zeigen eine Liebe zum Detail mit einer detaillierten Wiedergabe von Stimmen und komplexen Klangfarben. Die H\u00f6hen sind ebenfalls sehr fein und nicht aggressiv.<\/p>\n<p>Der BX1 verf\u00fcgt \u00fcber eine Lautsprecherklemmleiste, an die bis zu zwei Lautsprecherpaare angeschlossen werden k\u00f6nnen.<\/p>\n<h3>Anschl\u00fcsse<\/h3>\n<p><img loading=\"lazy\" decoding=\"async\" class=\"alignnone size-medium wp-image-505\" src=\"https:\/\/www.advanceparis.com\/wp-content\/uploads\/2022\/04\/ADP-Picto_BORNIER-300x300.png\" alt=\"\" width=\"300\" height=\"300\" srcset=\"https:\/\/www.advanceparis.com\/wp-content\/uploads\/2022\/04\/ADP-Picto_BORNIER-300x300.png 300w, https:\/\/www.advanceparis.com\/wp-content\/uploads\/2022\/04\/ADP-Picto_BORNIER-600x601.png 600w, https:\/\/www.advanceparis.com\/wp-content\/uploads\/2022\/04\/ADP-Picto_BORNIER-1024x1024.png 1024w, https:\/\/www.advanceparis.com\/wp-content\/uploads\/2022\/04\/ADP-Picto_BORNIER-150x150.png 150w, https:\/\/www.advanceparis.com\/wp-content\/uploads\/2022\/04\/ADP-Picto_BORNIER-768x769.png 768w, https:\/\/www.advanceparis.com\/wp-content\/uploads\/2022\/04\/ADP-Picto_BORNIER-320x320.png 320w, https:\/\/www.advanceparis.com\/wp-content\/uploads\/2022\/04\/ADP-Picto_BORNIER.png 1182w\" sizes=\"auto, (max-width: 300px) 100vw, 300px\" \/> <img loading=\"lazy\" decoding=\"async\" class=\"alignnone size-medium wp-image-511\" src=\"https:\/\/www.advanceparis.com\/wp-content\/uploads\/2022\/04\/ADP-Picto_RCA-2-300x300.png\" alt=\"\" width=\"300\" height=\"300\" srcset=\"https:\/\/www.advanceparis.com\/wp-content\/uploads\/2022\/04\/ADP-Picto_RCA-2-300x300.png 300w, https:\/\/www.advanceparis.com\/wp-content\/uploads\/2022\/04\/ADP-Picto_RCA-2-600x601.png 600w, https:\/\/www.advanceparis.com\/wp-content\/uploads\/2022\/04\/ADP-Picto_RCA-2-1024x1024.png 1024w, https:\/\/www.advanceparis.com\/wp-content\/uploads\/2022\/04\/ADP-Picto_RCA-2-150x150.png 150w, https:\/\/www.advanceparis.com\/wp-content\/uploads\/2022\/04\/ADP-Picto_RCA-2-768x769.png 768w, https:\/\/www.advanceparis.com\/wp-content\/uploads\/2022\/04\/ADP-Picto_RCA-2-320x320.png 320w, https:\/\/www.advanceparis.com\/wp-content\/uploads\/2022\/04\/ADP-Picto_RCA-2.png 1182w\" sizes=\"auto, (max-width: 300px) 100vw, 300px\" \/> <img loading=\"lazy\" decoding=\"async\" class=\"alignnone size-medium wp-image-512\" src=\"https:\/\/www.advanceparis.com\/wp-content\/uploads\/2022\/04\/ADP-Picto_XLR-2-300x300.png\" alt=\"\" width=\"300\" height=\"300\" srcset=\"https:\/\/www.advanceparis.com\/wp-content\/uploads\/2022\/04\/ADP-Picto_XLR-2-300x300.png 300w, https:\/\/www.advanceparis.com\/wp-content\/uploads\/2022\/04\/ADP-Picto_XLR-2-600x601.png 600w, https:\/\/www.advanceparis.com\/wp-content\/uploads\/2022\/04\/ADP-Picto_XLR-2-1024x1024.png 1024w, https:\/\/www.advanceparis.com\/wp-content\/uploads\/2022\/04\/ADP-Picto_XLR-2-150x150.png 150w, https:\/\/www.advanceparis.com\/wp-content\/uploads\/2022\/04\/ADP-Picto_XLR-2-768x769.png 768w, https:\/\/www.advanceparis.com\/wp-content\/uploads\/2022\/04\/ADP-Picto_XLR-2-320x320.png 320w, https:\/\/www.advanceparis.com\/wp-content\/uploads\/2022\/04\/ADP-Picto_XLR-2.png 1182w\" sizes=\"auto, (max-width: 300px) 100vw, 300px\" \/><\/p>\n<h3><\/h3>","protected":false},"excerpt":{"rendered":"<p><strong>Der BX1 ist ein Leistungsverst\u00e4rker<\/strong>\u00a0die Sie mit unserem AX1, DX1 oder PX1 kombinieren k\u00f6nnen.<\/p>","protected":false},"featured_media":301,"template":"","meta":{"_acf_changed":false},"product_brand":[],"product_cat":[317,481],"product_tag":[344],"class_list":{"0":"post-300","1":"product","2":"type-product","3":"status-publish","4":"has-post-thumbnail","6":"product_cat-bloc-stereo","7":"product_cat-smart-line","8":"product_tag-vu","10":"first","11":"outofstock","12":"shipping-taxable","13":"purchasable","14":"product-type-variable"},"acf":[],"jetpack_sharing_enabled":true,"_links":{"self":[{"href":"https:\/\/www.advanceparis.com\/de\/wp-json\/wp\/v2\/product\/300","targetHints":{"allow":["GET"]}}],"collection":[{"href":"https:\/\/www.advanceparis.com\/de\/wp-json\/wp\/v2\/product"}],"about":[{"href":"https:\/\/www.advanceparis.com\/de\/wp-json\/wp\/v2\/types\/product"}],"wp:featuredmedia":[{"embeddable":true,"href":"https:\/\/www.advanceparis.com\/de\/wp-json\/wp\/v2\/media\/301"}],"wp:attachment":[{"href":"https:\/\/www.advanceparis.com\/de\/wp-json\/wp\/v2\/media?parent=300"}],"wp:term":[{"taxonomy":"product_brand","embeddable":true,"href":"https:\/\/www.advanceparis.com\/de\/wp-json\/wp\/v2\/product_brand?post=300"},{"taxonomy":"product_cat","embeddable":true,"href":"https:\/\/www.advanceparis.com\/de\/wp-json\/wp\/v2\/product_cat?post=300"},{"taxonomy":"product_tag","embeddable":true,"href":"https:\/\/www.advanceparis.com\/de\/wp-json\/wp\/v2\/product_tag?post=300"}],"curies":[{"name":"wp","href":"https:\/\/api.w.org\/{rel}","templated":true}]}}