{"id":2059,"date":"2022-09-30T15:51:25","date_gmt":"2022-09-30T13:51:25","guid":{"rendered":"https:\/\/www.advanceparis.com\/?post_type=product&#038;p=2059"},"modified":"2026-03-23T15:55:07","modified_gmt":"2026-03-23T14:55:07","slug":"kc-400","status":"publish","type":"product","link":"https:\/\/www.advanceparis.com\/de\/produkt\/kc-400\/","title":{"rendered":"KC-400 EVO"},"content":{"rendered":"<p><strong>Advance Paris, Sch\u00f6pfer von Emotionen<\/strong><br \/>\nAdvance Paris ist eine Geschichte der Leidenschaft, der Leidenschaft f\u00fcr den Beruf des Sch\u00f6pfers von Emotionen, die mit einem Team geteilt wird, das sich ganz dem Streben nach Perfektion verschrieben hat. Advance Paris - damals noch Advance Acoustic - wurde vor \u00fcber 20 Jahren von zwei Musikliebhabern gegr\u00fcndet und entwickelte seinen ersten Lautsprecher.<\/p>\n<p>Bis heute ist diese prim\u00e4re Orientierung mehr denn je aktuell.<\/p>\n<p><strong>Die Tischlerei<\/strong><br \/>\nUnsere High-End-Philosophie hat uns nat\u00fcrlich zu Tischlereiherstellern gef\u00fchrt, die f\u00fcr ihre Seriosit\u00e4t und Professionalit\u00e4t bekannt sind.<br \/>\nDie Herstellung von Geh\u00e4usen ist eine viel schwierigere Aufgabe, als es zun\u00e4chst den Anschein hat. Die Struktur des Geh\u00e4uses muss homogen und absolut steif sein, um st\u00f6rende Vibrationen, die das H\u00f6rerlebnis beeintr\u00e4chtigen, zu eliminieren.<br \/>\nZu diesem Zweck schreibt Advance Paris seinen Tischlerei-Zulieferern die Verwendung von hochwertigen Materialien vor. So bestehen die hochdichten Strukturplatten nicht mehr aus Agglomeraten, sondern aus Holzfasern, die mit einem synthetischen Bindemittel verbunden sind. Die Vorteile dieser Verbundplatten sind ihre Homogenit\u00e4t in allen drei Dimensionen: die M\u00f6glichkeit, sie in gro\u00dfen Dicken von bis zu 30 mm zu verarbeiten, ihre Unverformbarkeit und schlie\u00dflich ihre akustischen Leistungen, die den klassischen OSB- oder PP-Platten \u00fcberlegen sind.<br \/>\nSo sind aus Gr\u00fcnden der Steifigkeit und der Bearbeitungsgenauigkeit alle Geh\u00e4use der Advance Paris-Lautsprecher aus diesem Verbundmaterial gefertigt.<br \/>\nUm diese Steifigkeit und Homogenit\u00e4t zu perfektionieren, verhindern innere Verst\u00e4rkungen und Trennw\u00e4nde die Entstehung von st\u00f6renden Vibrationen. Das Innenvolumen des Geh\u00e4uses wird sorgf\u00e4ltig berechnet, ebenso wie die Gr\u00f6\u00dfe der Abstimm\u00f6ffnung f\u00fcr jeden verwendeten Lautsprecher. Schlie\u00dflich wird jedes Lautsprechergeh\u00e4use einzeln auf Dichtheit der Verbindungen gepr\u00fcft, sowohl am Gurt als auch an der Vorder- und R\u00fcckseite des Geh\u00e4uses.<\/p>\n<p><strong>Interne Abschreibung<\/strong><br \/>\nDie Bewegung der Membran des Tief- und Mittelt\u00f6ners breitet sich vor und hinter dem Lautsprecher selbst aus, und zwar in entgegengesetzter Phase. Durch die Verwendung eines Geh\u00e4uses (das Geh\u00e4use des Lautsprechers) soll dieser akustische Kurzschluss beseitigt werden. Zu diesem Zweck verwenden wir d\u00e4mpfende Materialien, die speziell entwickelt wurden, um diese stehenden Wellen wirksam zu behandeln. Unsere Designer legen f\u00fcr jedes Modell die Position, die Dichte und das Volumen des verwendeten Akustikschaums fest.<\/p>\n<p><strong>Die Lautsprecher<\/strong><br \/>\nDie Konstruktion unserer Lautsprecher entspricht einem genauen Lastenheft. So haben unsere Tief- und Mittelt\u00f6ner Membranen aus engmaschigem, behandeltem Papier, das gleichzeitig leicht und steif ist, um einen neutralen Klang zu gew\u00e4hrleisten.<br \/>\nDurch die Verwendung einer Aufh\u00e4ngung mit einem Profil in Form einer \"umgekehrten halben Rolle\" wird die Linearit\u00e4t des Frequenzgangs des Lautsprechers optimiert.<\/p>","protected":false},"excerpt":{"rendered":"<p>Ein 2-Wege-Lautsprecher im Regalformat, der sich perfekt f\u00fcr Ihr Studio, Ihr Wohnzimmer oder Ihr B\u00fcro eignet. Der perfekte Begleiter f\u00fcr <a href=\"https:\/\/www.advanceparis.com\/index.php\/produit\/myconnect-60\/\">MyConnect 60<\/a> f\u00fcr ein verbundenes und leistungsstarkes System!<\/p>","protected":false},"featured_media":3062,"template":"","meta":{"_acf_changed":false},"product_brand":[],"product_cat":[331,479,539],"product_tag":[],"class_list":{"0":"post-2059","1":"product","2":"type-product","3":"status-publish","4":"has-post-thumbnail","6":"product_cat-enceinte-passive","7":"product_cat-gamme","8":"product_cat-kc","10":"first","11":"outofstock","12":"shipping-taxable","13":"purchasable","14":"product-type-variable","15":"has-default-attributes"},"acf":[],"jetpack_sharing_enabled":true,"_links":{"self":[{"href":"https:\/\/www.advanceparis.com\/de\/wp-json\/wp\/v2\/product\/2059","targetHints":{"allow":["GET"]}}],"collection":[{"href":"https:\/\/www.advanceparis.com\/de\/wp-json\/wp\/v2\/product"}],"about":[{"href":"https:\/\/www.advanceparis.com\/de\/wp-json\/wp\/v2\/types\/product"}],"wp:featuredmedia":[{"embeddable":true,"href":"https:\/\/www.advanceparis.com\/de\/wp-json\/wp\/v2\/media\/3062"}],"wp:attachment":[{"href":"https:\/\/www.advanceparis.com\/de\/wp-json\/wp\/v2\/media?parent=2059"}],"wp:term":[{"taxonomy":"product_brand","embeddable":true,"href":"https:\/\/www.advanceparis.com\/de\/wp-json\/wp\/v2\/product_brand?post=2059"},{"taxonomy":"product_cat","embeddable":true,"href":"https:\/\/www.advanceparis.com\/de\/wp-json\/wp\/v2\/product_cat?post=2059"},{"taxonomy":"product_tag","embeddable":true,"href":"https:\/\/www.advanceparis.com\/de\/wp-json\/wp\/v2\/product_tag?post=2059"}],"curies":[{"name":"wp","href":"https:\/\/api.w.org\/{rel}","templated":true}]}}