{"id":2051,"date":"2022-09-30T15:26:37","date_gmt":"2022-09-30T13:26:37","guid":{"rendered":"https:\/\/www.advanceparis.com\/?post_type=product&#038;p=2051"},"modified":"2025-03-07T15:11:36","modified_gmt":"2025-03-07T14:11:36","slug":"acs-optique","status":"publish","type":"product","link":"https:\/\/www.advanceparis.com\/de\/produkt\/acs-optique\/","title":{"rendered":"ACS - Optik"},"content":{"rendered":"<p>Das Verhalten der Verbindungskabel, die Qualit\u00e4t der Stecker und die Anschlusstechnik im Allgemeinen haben einen entscheidenden Einfluss auf die musikalische Leistung eines Audiosystems.<\/p>\n<p>Daher haben wir eine Reihe von Kabeln mit au\u00dfergew\u00f6hnlicher Leistung entwickelt, die in der Lage sind, alle in der Musik enthaltenen Parameter wie Rhythmus, Melodie und Dynamik wiederzugeben. Die Kabel von Advance Acoustic bieten Ihnen eine L\u00f6sung und die Garantie, dass alle Komponenten perfekt miteinander verbunden sind.<\/p>\n<p>Die ACS-Lichtleitfaser besteht aus einer extrem flexiblen Faser, die Politur der Kontaktfl\u00e4chen ist von hoher Qualit\u00e4t. Dank der verschiedenen Isolatoren ist die ACS-Lichtleitfaser unempfindlich gegen interne und externe Strahlung.<\/p>\n<p>ACS-Glasfaser wird f\u00fcr alle Arten von Verbindungen zwischen digitalen Quellen und einem Konverter oder Verst\u00e4rker empfohlen, der \u00fcber einen optischen Digitaleingang (TOSLINK-Buchse) verf\u00fcgt.<\/p>","protected":false},"excerpt":{"rendered":"<p>Le comportement des c\u00e2bles de liaison, la qualit\u00e9 des prises et la connectique en g\u00e9n\u00e9ral ont une influence primordiale sur [&hellip;]<\/p>\n","protected":false},"featured_media":2054,"template":"","meta":{"_acf_changed":false},"product_brand":[],"product_cat":[422,486],"product_tag":[],"class_list":{"0":"post-2051","1":"product","2":"type-product","3":"status-publish","4":"has-post-thumbnail","6":"product_cat-cable","7":"product_cat-wire","9":"first","10":"outofstock","11":"shipping-taxable","12":"purchasable","13":"product-type-variable","14":"has-default-attributes"},"acf":[],"jetpack_sharing_enabled":true,"_links":{"self":[{"href":"https:\/\/www.advanceparis.com\/de\/wp-json\/wp\/v2\/product\/2051","targetHints":{"allow":["GET"]}}],"collection":[{"href":"https:\/\/www.advanceparis.com\/de\/wp-json\/wp\/v2\/product"}],"about":[{"href":"https:\/\/www.advanceparis.com\/de\/wp-json\/wp\/v2\/types\/product"}],"wp:featuredmedia":[{"embeddable":true,"href":"https:\/\/www.advanceparis.com\/de\/wp-json\/wp\/v2\/media\/2054"}],"wp:attachment":[{"href":"https:\/\/www.advanceparis.com\/de\/wp-json\/wp\/v2\/media?parent=2051"}],"wp:term":[{"taxonomy":"product_brand","embeddable":true,"href":"https:\/\/www.advanceparis.com\/de\/wp-json\/wp\/v2\/product_brand?post=2051"},{"taxonomy":"product_cat","embeddable":true,"href":"https:\/\/www.advanceparis.com\/de\/wp-json\/wp\/v2\/product_cat?post=2051"},{"taxonomy":"product_tag","embeddable":true,"href":"https:\/\/www.advanceparis.com\/de\/wp-json\/wp\/v2\/product_tag?post=2051"}],"curies":[{"name":"wp","href":"https:\/\/api.w.org\/{rel}","templated":true}]}}