{"id":2045,"date":"2022-09-30T14:34:03","date_gmt":"2022-09-30T12:34:03","guid":{"rendered":"https:\/\/www.advanceparis.com\/?post_type=product&#038;p=2045"},"modified":"2025-05-23T12:09:05","modified_gmt":"2025-05-23T10:09:05","slug":"acs-xlr","status":"publish","type":"product","link":"https:\/\/www.advanceparis.com\/de\/produkt\/acs-xlr\/","title":{"rendered":"ACS - XLR"},"content":{"rendered":"<p>Das Verhalten der Verbindungskabel, die Qualit\u00e4t der Stecker und die Anschlusstechnik im Allgemeinen haben einen entscheidenden Einfluss auf die musikalische Leistung eines Audiosystems.<\/p>\n<p>Daher haben wir eine Reihe von Kabeln mit au\u00dfergew\u00f6hnlicher Leistung entwickelt, die in der Lage sind, alle in der Musik enthaltenen Parameter wie Rhythmus, Melodie und Dynamik wiederzugeben. Die Kabel von Advance Acoustic bieten Ihnen eine L\u00f6sung und die Garantie, dass alle Komponenten perfekt miteinander verbunden sind.<\/p>\n<p>Im Gegensatz zu asymmetrischen Modulationskabeln, die aus einem aktiven Leiter (Hotspot) und einem Massegeflecht (Coldspot) bestehen, besteht das symmetrische Modulationskabel ACS 12 aus zwei aktiven Leitern (+ und -), die als Hotspot und Coldspot bezeichnet werden, wobei das separate Massegeflecht, das nur der Abschirmung dient, mit der Masse verbunden ist. Au\u00dferdem umgibt eine Aluminiumfolie die Isolierung der Kabel, um elektromagnetische St\u00f6rungen und andere uns umgebende St\u00f6rsignale abzuschirmen.<\/p>\n<p>Diese Technik, die aus professionellen Ger\u00e4ten stammt und in die Welt der \"High-End\"-HiFi-Anlagen eingef\u00fchrt wurde, erm\u00f6glicht es, selbst bei L\u00e4ngen von mehreren Metern musikalische Leistungen auf h\u00f6chstem Niveau zu erzielen.<\/p>\n<p>Dieses Kabel wird f\u00fcr alle Arten von Verbindungen empfohlen, die mit XLR-Steckern versehen sind, wie z. B. ein Vorverst\u00e4rker an einen Verst\u00e4rker. Aber auch, um unsere Quellen mit den Eing\u00e4ngen einiger unserer Verst\u00e4rker oder Vorverst\u00e4rker zu verbinden.<\/p>","protected":false},"excerpt":{"rendered":"<p>Le comportement des c\u00e2bles de liaison, la qualit\u00e9 des prises et la connectique en g\u00e9n\u00e9ral ont une influence primordiale sur [&hellip;]<\/p>\n","protected":false},"featured_media":8212,"template":"","meta":{"_acf_changed":false},"product_brand":[],"product_cat":[422,486],"product_tag":[],"class_list":{"0":"post-2045","1":"product","2":"type-product","3":"status-publish","4":"has-post-thumbnail","6":"product_cat-cable","7":"product_cat-wire","9":"first","10":"instock","11":"shipping-taxable","12":"purchasable","13":"product-type-variable","14":"has-default-attributes"},"acf":[],"jetpack_sharing_enabled":true,"_links":{"self":[{"href":"https:\/\/www.advanceparis.com\/de\/wp-json\/wp\/v2\/product\/2045","targetHints":{"allow":["GET"]}}],"collection":[{"href":"https:\/\/www.advanceparis.com\/de\/wp-json\/wp\/v2\/product"}],"about":[{"href":"https:\/\/www.advanceparis.com\/de\/wp-json\/wp\/v2\/types\/product"}],"wp:featuredmedia":[{"embeddable":true,"href":"https:\/\/www.advanceparis.com\/de\/wp-json\/wp\/v2\/media\/8212"}],"wp:attachment":[{"href":"https:\/\/www.advanceparis.com\/de\/wp-json\/wp\/v2\/media?parent=2045"}],"wp:term":[{"taxonomy":"product_brand","embeddable":true,"href":"https:\/\/www.advanceparis.com\/de\/wp-json\/wp\/v2\/product_brand?post=2045"},{"taxonomy":"product_cat","embeddable":true,"href":"https:\/\/www.advanceparis.com\/de\/wp-json\/wp\/v2\/product_cat?post=2045"},{"taxonomy":"product_tag","embeddable":true,"href":"https:\/\/www.advanceparis.com\/de\/wp-json\/wp\/v2\/product_tag?post=2045"}],"curies":[{"name":"wp","href":"https:\/\/api.w.org\/{rel}","templated":true}]}}