{"id":1849,"date":"2022-09-15T15:51:08","date_gmt":"2022-09-15T13:51:08","guid":{"rendered":"https:\/\/www.advanceparis.com\/?post_type=product&#038;p=1849"},"modified":"2025-12-12T10:50:27","modified_gmt":"2025-12-12T09:50:27","slug":"wtx-tubes","status":"publish","type":"product","link":"https:\/\/www.advanceparis.com\/de\/produkt\/wtx-tubes\/","title":{"rendered":"WTX-R\u00f6hren"},"content":{"rendered":"<p>DIE KUNST DES STREAMING<\/p>\n<p>Die Herausforderung war nicht einfach, wir wollten die entmaterialisierte Musik so musikalisch wie m\u00f6glich abspielen. Eigentlich vergessen Sie diesen Sound, den wir als zu digital empfanden, zugunsten eines analogeren Sounds, der mehr dem Geist von Vinyl entspricht.<br \/>\nDieses Ergebnis zu erreichen, erschien uns m\u00f6glich, indem wir verschiedene Technologien und Designs miteinander kombinierten.<\/p>\n<p>Das haben wir getan!<\/p>\n<p>Verwendung von einem Paar Subminiaturr\u00f6hren Raytheon 5703, Klasse-A-Design, Integration eines Tri-Core-Prozessors, einer Kombination aus einem 32-Bit-DualCore und einem 120-Mhz-Single-Core mit einem unabh\u00e4ngigen Wolfson WM8740 DAC, 24-Bit \/ 192 kHz und schlie\u00dflich die Integration eines hochaufl\u00f6senden Codecs, der jedes Detail der Musik wiedergeben kann.<\/p>\n<p>Die daraus resultierende Klangwiedergabe ist atemberaubend, erf\u00fcllt die Anforderungen von Audiophilen und erinnert an die warme Musikalit\u00e4t, die Vinyl-Liebhaber lieben.<br \/>\nHD-Dateien laufen problemlos durch WTX-TUBES und werden durch die Integration des aptX HD-Codecs genauer und ausgewogener.<\/p>\n<p>Entdecken Sie es!<\/p>","protected":false},"excerpt":{"rendered":"<p>Bluetooth-Empf\u00e4nger mit analogen R\u00f6hrenausg\u00e4ngen<\/p>","protected":false},"featured_media":3055,"template":"","meta":{"_acf_changed":false},"product_brand":[],"product_cat":[332,487],"product_tag":[345,314],"class_list":{"0":"post-1849","1":"product","2":"type-product","3":"status-publish","4":"has-post-thumbnail","6":"product_cat-recepteur-bluetooth","7":"product_cat-wtx","8":"product_tag-bluetooth","9":"product_tag-tubes","11":"first","12":"outofstock","13":"shipping-taxable","14":"purchasable","15":"product-type-simple"},"acf":[],"jetpack_sharing_enabled":true,"_links":{"self":[{"href":"https:\/\/www.advanceparis.com\/de\/wp-json\/wp\/v2\/product\/1849","targetHints":{"allow":["GET"]}}],"collection":[{"href":"https:\/\/www.advanceparis.com\/de\/wp-json\/wp\/v2\/product"}],"about":[{"href":"https:\/\/www.advanceparis.com\/de\/wp-json\/wp\/v2\/types\/product"}],"wp:featuredmedia":[{"embeddable":true,"href":"https:\/\/www.advanceparis.com\/de\/wp-json\/wp\/v2\/media\/3055"}],"wp:attachment":[{"href":"https:\/\/www.advanceparis.com\/de\/wp-json\/wp\/v2\/media?parent=1849"}],"wp:term":[{"taxonomy":"product_brand","embeddable":true,"href":"https:\/\/www.advanceparis.com\/de\/wp-json\/wp\/v2\/product_brand?post=1849"},{"taxonomy":"product_cat","embeddable":true,"href":"https:\/\/www.advanceparis.com\/de\/wp-json\/wp\/v2\/product_cat?post=1849"},{"taxonomy":"product_tag","embeddable":true,"href":"https:\/\/www.advanceparis.com\/de\/wp-json\/wp\/v2\/product_tag?post=1849"}],"curies":[{"name":"wp","href":"https:\/\/api.w.org\/{rel}","templated":true}]}}