{"id":1847,"date":"2022-09-15T15:50:31","date_gmt":"2022-09-15T13:50:31","guid":{"rendered":"https:\/\/www.advanceparis.com\/?post_type=product&#038;p=1847"},"modified":"2025-08-05T18:17:28","modified_gmt":"2025-08-05T16:17:28","slug":"wtx-700","status":"publish","type":"product","link":"https:\/\/www.advanceparis.com\/de\/produkt\/wtx-700\/","title":{"rendered":"WTX-700 EVO"},"content":{"rendered":"<p>Mit dem neuen WTX-700 EVO k\u00f6nnen Sie Ihre Musik in High-Definition-Qualit\u00e4t streamen.<\/p>\n<p>Der WTX-700 EVO ist mit allen Bluetooth-Audioger\u00e4ten auf dem Markt kompatibel: Smartphones, Tablets, PCs oder Macs...<\/p>\n<p>Mit aptX HD und einem unabh\u00e4ngigen TI PCM 5102-Wandler erweitert der WTX-700 die Grenzen der hochaufl\u00f6senden Hifi-\u00dcbertragung.<\/p>\n<p>Die verwendete Technologie erm\u00f6glicht nicht nur die durchg\u00e4ngige Verarbeitung von 24-Bit-Audio, sondern bietet auch eine bessere digitale Signalverarbeitung sowie einen niedrigeren Signal-Rausch-Abstand durch Codierung und Decodierung und geringere Verzerrungen, insbesondere im Bereich von 10-20 kHz.<\/p>","protected":false},"excerpt":{"rendered":"<p>aptx HD Bluetooth-Empf\u00e4nger im kompakten Format<\/p>","protected":false},"featured_media":3049,"template":"","meta":{"_acf_changed":false},"product_brand":[],"product_cat":[332,487],"product_tag":[345],"class_list":{"0":"post-1847","1":"product","2":"type-product","3":"status-publish","4":"has-post-thumbnail","6":"product_cat-recepteur-bluetooth","7":"product_cat-wtx","8":"product_tag-bluetooth","10":"first","11":"instock","12":"shipping-taxable","13":"purchasable","14":"product-type-simple"},"acf":[],"jetpack_sharing_enabled":true,"_links":{"self":[{"href":"https:\/\/www.advanceparis.com\/de\/wp-json\/wp\/v2\/product\/1847","targetHints":{"allow":["GET"]}}],"collection":[{"href":"https:\/\/www.advanceparis.com\/de\/wp-json\/wp\/v2\/product"}],"about":[{"href":"https:\/\/www.advanceparis.com\/de\/wp-json\/wp\/v2\/types\/product"}],"wp:featuredmedia":[{"embeddable":true,"href":"https:\/\/www.advanceparis.com\/de\/wp-json\/wp\/v2\/media\/3049"}],"wp:attachment":[{"href":"https:\/\/www.advanceparis.com\/de\/wp-json\/wp\/v2\/media?parent=1847"}],"wp:term":[{"taxonomy":"product_brand","embeddable":true,"href":"https:\/\/www.advanceparis.com\/de\/wp-json\/wp\/v2\/product_brand?post=1847"},{"taxonomy":"product_cat","embeddable":true,"href":"https:\/\/www.advanceparis.com\/de\/wp-json\/wp\/v2\/product_cat?post=1847"},{"taxonomy":"product_tag","embeddable":true,"href":"https:\/\/www.advanceparis.com\/de\/wp-json\/wp\/v2\/product_tag?post=1847"}],"curies":[{"name":"wp","href":"https:\/\/api.w.org\/{rel}","templated":true}]}}