{"id":1661,"date":"2022-09-12T15:09:29","date_gmt":"2022-09-12T13:09:29","guid":{"rendered":"https:\/\/adp.stanisdemo.fr\/?post_type=product&#038;p=1661"},"modified":"2026-04-20T14:36:58","modified_gmt":"2026-04-20T12:36:58","slug":"x-ftb02","status":"publish","type":"product","link":"https:\/\/www.advanceparis.com\/de\/produkt\/x-ftb02\/","title":{"rendered":"X-FTB02"},"content":{"rendered":"<p><strong>Leistungsstarke Multiprozessor-Verarbeitung \u00a0<\/strong><br \/>\nDank der un\u00fcbertroffenen Rechenleistung, die eine schnelle Datenverarbeitung erm\u00f6glicht, bietet unsere X-FTB02 eine Musikwiedergabe auf h\u00f6chstem Niveau. Unsere X-FTB02 enth\u00e4lt einen 32-Bit-Dual-Core-Prozessor, der mit einem 120-Mhz-Single-Core-Prozessor kombiniert ist. (24-Bit-Audioschnittstellen).<br \/>\nDas urspr\u00fcngliche Audiosignal wird direkt in der Ausgangsstufe digital wiedergegeben, sodass es nicht durch eine Digital-zu-Analog-Wandlung ver\u00e4ndert wird. Die Umwandlung erfolgt direkt durch den nachgeschalteten DAC.<\/p>\n<p><strong>Audio in hoher Aufl\u00f6sung<\/strong><br \/>\nUnsere X-FTB02 ist mit aptX HD ausgestattet. Dieser Codec wurde entwickelt, um anspruchsvolle Musikliebhaber zufrieden zu stellen, die auf hochaufl\u00f6sende Audiodaten zugreifen m\u00f6chten. Dieser optimierte Codec unterst\u00fctzt Musik in 24-Bit-Qualit\u00e4t. Das bedeutet, dass selbst die feinsten Details Ihrer Musik h\u00f6rbar werden.<\/p>","protected":false},"excerpt":{"rendered":"<p>aptX HD-Bluetooth-Empf\u00e4nger, kompatibel mit MyConnect, PlayStream und Produkten der Classic-Reihe<\/p>","protected":false},"featured_media":2916,"template":"","meta":{"_acf_changed":false},"product_brand":[],"product_cat":[332,487],"product_tag":[345],"class_list":{"0":"post-1661","1":"product","2":"type-product","3":"status-publish","4":"has-post-thumbnail","6":"product_cat-recepteur-bluetooth","7":"product_cat-wtx","8":"product_tag-bluetooth","10":"first","11":"outofstock","12":"shipping-taxable","13":"purchasable","14":"product-type-simple"},"acf":[],"jetpack_sharing_enabled":true,"_links":{"self":[{"href":"https:\/\/www.advanceparis.com\/de\/wp-json\/wp\/v2\/product\/1661","targetHints":{"allow":["GET"]}}],"collection":[{"href":"https:\/\/www.advanceparis.com\/de\/wp-json\/wp\/v2\/product"}],"about":[{"href":"https:\/\/www.advanceparis.com\/de\/wp-json\/wp\/v2\/types\/product"}],"wp:featuredmedia":[{"embeddable":true,"href":"https:\/\/www.advanceparis.com\/de\/wp-json\/wp\/v2\/media\/2916"}],"wp:attachment":[{"href":"https:\/\/www.advanceparis.com\/de\/wp-json\/wp\/v2\/media?parent=1661"}],"wp:term":[{"taxonomy":"product_brand","embeddable":true,"href":"https:\/\/www.advanceparis.com\/de\/wp-json\/wp\/v2\/product_brand?post=1661"},{"taxonomy":"product_cat","embeddable":true,"href":"https:\/\/www.advanceparis.com\/de\/wp-json\/wp\/v2\/product_cat?post=1661"},{"taxonomy":"product_tag","embeddable":true,"href":"https:\/\/www.advanceparis.com\/de\/wp-json\/wp\/v2\/product_tag?post=1661"}],"curies":[{"name":"wp","href":"https:\/\/api.w.org\/{rel}","templated":true}]}}