{"id":1660,"date":"2022-09-12T15:09:11","date_gmt":"2022-09-12T13:09:11","guid":{"rendered":"https:\/\/adp.stanisdemo.fr\/?post_type=product&#038;p=1660"},"modified":"2025-06-10T10:45:42","modified_gmt":"2025-06-10T08:45:42","slug":"x-ftb01","status":"publish","type":"product","link":"https:\/\/www.advanceparis.com\/de\/produkt\/x-ftb01\/","title":{"rendered":"X-FTB01"},"content":{"rendered":"<p>Wir leben in einem Umfeld, in dem die digitale Musik immer mehr an Bedeutung gewinnt. Es ist nun m\u00f6glich, die gesamte Musik von Ihren mobilen Ger\u00e4ten, Computern, Tablets, Smartphones und anderen tragbaren Abspielger\u00e4ten drahtlos auf Ihre Stereoanlage zu \u00fcbertragen.<\/p>\n<p>Der neue Bluetooth-f\u00e4hige Digitalreceiver erledigt diese Aufgabe mit echtem Talent. Er ist mit allen Produkten der Classic-, MyConnect-, PlayStream- und Smart-Serie kompatibel, die \u00fcber einen BT-Anschluss verf\u00fcgen.<\/p>\n<p>Hohe Musikleistung und Bedienkomfort sind garantiert.<\/p>","protected":false},"excerpt":{"rendered":"<p>Bluetooth-Empf\u00e4nger, der mit den Produkten MyConnect, PlayStream und der Classic-Reihe kompatibel ist<\/p>","protected":false},"featured_media":2926,"template":"","meta":{"_acf_changed":false},"product_brand":[],"product_cat":[332,487],"product_tag":[345],"class_list":{"0":"post-1660","1":"product","2":"type-product","3":"status-publish","4":"has-post-thumbnail","6":"product_cat-recepteur-bluetooth","7":"product_cat-wtx","8":"product_tag-bluetooth","10":"first","11":"outofstock","12":"shipping-taxable","13":"purchasable","14":"product-type-simple"},"acf":[],"jetpack_sharing_enabled":true,"_links":{"self":[{"href":"https:\/\/www.advanceparis.com\/de\/wp-json\/wp\/v2\/product\/1660","targetHints":{"allow":["GET"]}}],"collection":[{"href":"https:\/\/www.advanceparis.com\/de\/wp-json\/wp\/v2\/product"}],"about":[{"href":"https:\/\/www.advanceparis.com\/de\/wp-json\/wp\/v2\/types\/product"}],"wp:featuredmedia":[{"embeddable":true,"href":"https:\/\/www.advanceparis.com\/de\/wp-json\/wp\/v2\/media\/2926"}],"wp:attachment":[{"href":"https:\/\/www.advanceparis.com\/de\/wp-json\/wp\/v2\/media?parent=1660"}],"wp:term":[{"taxonomy":"product_brand","embeddable":true,"href":"https:\/\/www.advanceparis.com\/de\/wp-json\/wp\/v2\/product_brand?post=1660"},{"taxonomy":"product_cat","embeddable":true,"href":"https:\/\/www.advanceparis.com\/de\/wp-json\/wp\/v2\/product_cat?post=1660"},{"taxonomy":"product_tag","embeddable":true,"href":"https:\/\/www.advanceparis.com\/de\/wp-json\/wp\/v2\/product_tag?post=1660"}],"curies":[{"name":"wp","href":"https:\/\/api.w.org\/{rel}","templated":true}]}}