{"id":1290,"date":"2022-09-07T11:23:12","date_gmt":"2022-09-07T09:23:12","guid":{"rendered":"https:\/\/adp.stanisdemo.fr\/?post_type=product&#038;p=1290"},"modified":"2025-11-18T18:21:29","modified_gmt":"2025-11-18T17:21:29","slug":"a10classic","status":"publish","type":"product","link":"https:\/\/www.advanceparis.com\/de\/produkt\/a10classic\/","title":{"rendered":"A10 Classic"},"content":{"rendered":"<p>DIE MUSIKALISCHE EVIDENZ<\/p>\n<p>Mit unserem neuen Verst\u00e4rker A10 CLASSIC wollten wir einen audiophilen Vollverst\u00e4rker anbieten, der vom ber\u00fchmten X-i1100 inspiriert ist, der f\u00fcr seine Musikalit\u00e4t und Lebendigkeit gelobt wird.<br \/>\nDer A10 ist vollst\u00e4ndig in die Zukunft integriert und einfach zu bedienen. Obwohl sein klassisches Design zeitlos bleibt, kombiniert er einen R\u00f6hrenvorverst\u00e4rker ECC81\/12AT7 mit einem 2x130W Push-Pull-Verst\u00e4rker in Klasse AB.<br \/>\nKurz gesagt: das Beste aus beiden Welten!<\/p>\n<p>Die Modernit\u00e4t wird auch durch einen Mikroprozessor angezeigt, der alle Funktionen steuert, die \u00fcber das Encoderrad aufgerufen werden. Ein langer oder kurzer Druck erm\u00f6glicht den Zugang zu den Men\u00fcs.<br \/>\nWir k\u00f6nnen durch die Eing\u00e4nge bl\u00e4ttern: 6 analoge Cinch-Eing\u00e4nge mit einem MM-Phono mit drei Kapazit\u00e4tseinstellungen (100, 200, 320 Pf), ein symmetrischer XLR-Line-Eingang, 5 digitale Eing\u00e4nge, darunter 3 optische, ein S\/PDIF- und ein USB-Audio-Eingang, sowie ein Anschluss f\u00fcr einen aptX-Bluetooth-Empf\u00e4nger XFTB01 oder XFTB02 (optional).<br \/>\nEin USB-A-Anschluss kann MP3-Audiodateien von einem tragbaren Player oder einem USB-Stick aufnehmen. Eine davon ist ein DVD-Anschluss, um die Audiosignalqualit\u00e4t des A10 zu nutzen, und ein HDMI ARC-Anschluss, um einen Bildschirm mit CEC-Protokoll anzuschlie\u00dfen.<br \/>\nHier werden auch Systeminformationen, die Auswahl der Lautsprecher (A, B oder A+B), die Einstellung von Loudness, Bass, Treble oder Bypass, die automatische (oder nicht automatische) Abschaltung von 5 bis 90 Minuten gezeigt.<\/p>\n<p>Der Trigger Out steuert das Ein- und Ausschalten von Produkten, die ferngesteuert mit dem A10 Classic verbunden sind (CD-Player, Netzteil...).<\/p>\n<p>Der A10 bietet die M\u00f6glichkeit, zwei Subwoofer anzuschlie\u00dfen. Ein Pre-Out-Ausgang erm\u00f6glicht den Anschluss einer zus\u00e4tzlichen Endstufe.<br \/>\nEin fester Rec Out-Ausgang ist f\u00fcr einen Recorder wie einen Kassetten- oder MD-Player oder \u00e4hnliches gedacht.<br \/>\nAuf der R\u00fcckseite aktiviert der High Bias-Schalter die Class-A-Vorspannung bei den ersten Watt der Endstufe.<\/p>\n<p>Der A10 ist ein echter Hingucker und kann es sogar mit weitaus ehrgeizigeren und teureren Ger\u00e4ten aufnehmen.<br \/>\nEin gro\u00dfer Erfolg in Aussicht!<\/p>","protected":false},"excerpt":{"rendered":"<p>Der A10 CLASSIC ist ein audiophiler Vollverst\u00e4rker, inspiriert vom X-i1100, der ECC81\/12AT7-R\u00f6hren und 2x130W Leistung in Klasse AB vereint. Er bietet eine Vielzahl von Anschl\u00fcssen (analog, digital, USB, Bluetooth, HDMI ARC), eine moderne Mikroprozessorsteuerung und umfangreiche Optionen (Subwoofer, Pre-Out, High Bias). Zeitloses Design, musikalisch und leistungsstark.<\/p>","protected":false},"featured_media":3061,"template":"","meta":{"_acf_changed":false},"product_brand":[],"product_cat":[419,480],"product_tag":[314,344],"class_list":{"0":"post-1290","1":"product","2":"type-product","3":"status-publish","4":"has-post-thumbnail","6":"product_cat-amplificateur-integre","7":"product_cat-classic-line","8":"product_tag-tubes","9":"product_tag-vu","11":"first","12":"outofstock","13":"shipping-taxable","14":"purchasable","15":"product-type-variable","16":"has-default-attributes"},"acf":[],"jetpack_sharing_enabled":true,"_links":{"self":[{"href":"https:\/\/www.advanceparis.com\/de\/wp-json\/wp\/v2\/product\/1290","targetHints":{"allow":["GET"]}}],"collection":[{"href":"https:\/\/www.advanceparis.com\/de\/wp-json\/wp\/v2\/product"}],"about":[{"href":"https:\/\/www.advanceparis.com\/de\/wp-json\/wp\/v2\/types\/product"}],"wp:featuredmedia":[{"embeddable":true,"href":"https:\/\/www.advanceparis.com\/de\/wp-json\/wp\/v2\/media\/3061"}],"wp:attachment":[{"href":"https:\/\/www.advanceparis.com\/de\/wp-json\/wp\/v2\/media?parent=1290"}],"wp:term":[{"taxonomy":"product_brand","embeddable":true,"href":"https:\/\/www.advanceparis.com\/de\/wp-json\/wp\/v2\/product_brand?post=1290"},{"taxonomy":"product_cat","embeddable":true,"href":"https:\/\/www.advanceparis.com\/de\/wp-json\/wp\/v2\/product_cat?post=1290"},{"taxonomy":"product_tag","embeddable":true,"href":"https:\/\/www.advanceparis.com\/de\/wp-json\/wp\/v2\/product_tag?post=1290"}],"curies":[{"name":"wp","href":"https:\/\/api.w.org\/{rel}","templated":true}]}}