{"id":10299,"date":"2025-04-11T17:00:03","date_gmt":"2025-04-11T15:00:03","guid":{"rendered":"https:\/\/www.advanceparis.com\/?post_type=product&#038;p=10299"},"modified":"2025-10-01T14:54:13","modified_gmt":"2025-10-01T12:54:13","slug":"link-sub","status":"publish","type":"product","link":"https:\/\/www.advanceparis.com\/de\/produkt\/link-sub\/","title":{"rendered":"LINK Sub"},"content":{"rendered":"<p>qdoqzkdoqqzd<\/p>","protected":false},"excerpt":{"rendered":"<p>Abgeschirmtes analoges Hochleistungs-Audiokabel LINK SUB, das speziell f\u00fcr die Anforderungen von Audiophilen entwickelt wurde und eine au\u00dfergew\u00f6hnlich hochwertige Klangwiedergabe garantiert. Perfekt geeignet f\u00fcr den Einsatz zwischen Ihrem Vorverst\u00e4rker oder integrierten Verst\u00e4rker und Ihrem Subwoofer.<\/p>","protected":false},"featured_media":10334,"template":"woocommerce\/single-product-v2.php","meta":{"_acf_changed":false},"product_brand":[],"product_cat":[422,1407],"product_tag":[],"class_list":{"0":"post-10299","1":"product","2":"type-product","3":"status-publish","4":"has-post-thumbnail","6":"product_cat-cable","7":"product_cat-link","9":"first","10":"instock","11":"shipping-taxable","12":"purchasable","13":"product-type-variable"},"acf":[],"jetpack_sharing_enabled":true,"_links":{"self":[{"href":"https:\/\/www.advanceparis.com\/de\/wp-json\/wp\/v2\/product\/10299","targetHints":{"allow":["GET"]}}],"collection":[{"href":"https:\/\/www.advanceparis.com\/de\/wp-json\/wp\/v2\/product"}],"about":[{"href":"https:\/\/www.advanceparis.com\/de\/wp-json\/wp\/v2\/types\/product"}],"wp:featuredmedia":[{"embeddable":true,"href":"https:\/\/www.advanceparis.com\/de\/wp-json\/wp\/v2\/media\/10334"}],"wp:attachment":[{"href":"https:\/\/www.advanceparis.com\/de\/wp-json\/wp\/v2\/media?parent=10299"}],"wp:term":[{"taxonomy":"product_brand","embeddable":true,"href":"https:\/\/www.advanceparis.com\/de\/wp-json\/wp\/v2\/product_brand?post=10299"},{"taxonomy":"product_cat","embeddable":true,"href":"https:\/\/www.advanceparis.com\/de\/wp-json\/wp\/v2\/product_cat?post=10299"},{"taxonomy":"product_tag","embeddable":true,"href":"https:\/\/www.advanceparis.com\/de\/wp-json\/wp\/v2\/product_tag?post=10299"}],"curies":[{"name":"wp","href":"https:\/\/api.w.org\/{rel}","templated":true}]}}