{"id":8135,"date":"2023-11-29T12:04:16","date_gmt":"2023-11-29T11:04:16","guid":{"rendered":"https:\/\/www.advanceparis.com\/?page_id=8135"},"modified":"2025-01-17T12:46:02","modified_gmt":"2025-01-17T11:46:02","slug":"apropos","status":"publish","type":"page","link":"https:\/\/www.advanceparis.com\/de\/apropos\/","title":{"rendered":"\u00dcber"},"content":{"rendered":"<div class=\"wpb-content-wrapper\"><div class=\"vc_row wpb_row vc_row-fluid vc_custom_1701255391438 vc_row-bg-position-top\"><div class=\"wpb_column vc_column_container vc_col-sm-6\"><div class=\"vc_column-inner\"><div class=\"wpb_wrapper\">\n\t<div  class=\"wpb_single_image wpb_content_element vc_align_center wpb_content_element\">\n\t\t\n\t\t<figure class=\"wpb_wrapper vc_figure\">\n\t\t\t<div class=\"vc_single_image-wrapper   vc_box_border_grey\"><img loading=\"lazy\" decoding=\"async\" width=\"300\" height=\"83\" src=\"https:\/\/www.advanceparis.com\/wp-content\/uploads\/2023\/11\/logo_AdvanceAcoustic-300x83.jpg\" class=\"vc_single_image-img attachment-medium\" alt=\"\" title=\"logo_AdvanceAcoustic\" srcset=\"https:\/\/www.advanceparis.com\/wp-content\/uploads\/2023\/11\/logo_AdvanceAcoustic-300x83.jpg 300w, https:\/\/www.advanceparis.com\/wp-content\/uploads\/2023\/11\/logo_AdvanceAcoustic-600x165.jpg 600w, https:\/\/www.advanceparis.com\/wp-content\/uploads\/2023\/11\/logo_AdvanceAcoustic-1024x282.jpg 1024w, https:\/\/www.advanceparis.com\/wp-content\/uploads\/2023\/11\/logo_AdvanceAcoustic-768x212.jpg 768w, https:\/\/www.advanceparis.com\/wp-content\/uploads\/2023\/11\/logo_AdvanceAcoustic.jpg 1088w\" sizes=\"auto, (max-width: 300px) 100vw, 300px\" \/><\/div>\n\t\t<\/figure>\n\t<\/div>\n<\/div><\/div><\/div><div class=\"wpb_column vc_column_container vc_col-sm-6\"><div class=\"vc_column-inner\"><div class=\"wpb_wrapper\">\n\t<div class=\"wpb_text_column wpb_content_element\" >\n\t\t<div class=\"wpb_wrapper\">\n\t\t\t<p style=\"text-align: center;\">Bei Advance Paris schaffen wir Audioerlebnisse, die \u00fcber das Gew\u00f6hnliche hinausgehen, eine harmonische Mischung aus Technologie und Kunst.<\/p>\n<p style=\"text-align: center;\">Advance Paris wurde 1995 aus den Tr\u00e4umen und Leidenschaften von Audiophilen geboren und hat die Grenzen der High-Fidelity-Audiotechnik immer weiter verschoben. Von Anfang an war es unser Ziel, kompromisslose Klangqualit\u00e4t zu erschwinglichen Preisen zu liefern, und unser Werdegang war gepr\u00e4gt von Innovation und Hingabe an die Kunst der Musikwiedergabe. Unsere Verst\u00e4rker, CD-Player, Vorverst\u00e4rker, Lautsprecher und vieles mehr sind nicht einfach nur Produkte; sie sind die Kapitel einer Klang-Odyssee. Mit einem Hauch von Eleganz bieten sie Musik, die die Seele zum Schwingen bringt, sowie Innovationen, die das H\u00f6rerlebnis immer wieder neu definieren.<\/p>\n\n\t\t<\/div>\n\t<\/div>\n<\/div><\/div><\/div><\/div><div class=\"vc_row wpb_row vc_row-fluid vc_row-bg-position-top\"><div class=\"wpb_column vc_column_container vc_col-sm-6\"><div class=\"vc_column-inner\"><div class=\"wpb_wrapper\">\n\t<div  class=\"wpb_single_image wpb_content_element vc_align_center wpb_content_element\">\n\t\t\n\t\t<figure class=\"wpb_wrapper vc_figure\">\n\t\t\t<div class=\"vc_single_image-wrapper   vc_box_border_grey\"><img loading=\"lazy\" decoding=\"async\" width=\"300\" height=\"100\" src=\"https:\/\/www.advanceparis.com\/wp-content\/uploads\/2023\/11\/2023-Logo-Advance-Paris-black-300x100.png\" class=\"vc_single_image-img attachment-medium\" alt=\"\" title=\"2023 Logo Advance Paris black\" srcset=\"https:\/\/www.advanceparis.com\/wp-content\/uploads\/2023\/11\/2023-Logo-Advance-Paris-black-300x100.png 300w, https:\/\/www.advanceparis.com\/wp-content\/uploads\/2023\/11\/2023-Logo-Advance-Paris-black-600x200.png 600w, https:\/\/www.advanceparis.com\/wp-content\/uploads\/2023\/11\/2023-Logo-Advance-Paris-black-1024x341.png 1024w, https:\/\/www.advanceparis.com\/wp-content\/uploads\/2023\/11\/2023-Logo-Advance-Paris-black-768x256.png 768w, https:\/\/www.advanceparis.com\/wp-content\/uploads\/2023\/11\/2023-Logo-Advance-Paris-black-1536x512.png 1536w, https:\/\/www.advanceparis.com\/wp-content\/uploads\/2023\/11\/2023-Logo-Advance-Paris-black-2048x683.png 2048w\" sizes=\"auto, (max-width: 300px) 100vw, 300px\" \/><\/div>\n\t\t<\/figure>\n\t<\/div>\n<\/div><\/div><\/div><div class=\"wpb_column vc_column_container vc_col-sm-6\"><div class=\"vc_column-inner\"><div class=\"wpb_wrapper\">\n\t<div class=\"wpb_text_column wpb_content_element\" >\n\t\t<div class=\"wpb_wrapper\">\n\t\t\t<p style=\"text-align: center;\">Mit einer 25-j\u00e4hrigen Erfahrung auf seinem Heimatmarkt startete Advance Paris 1995 unter dem Namen Advance Acoustic mit einer Reihe von f\u00fcnf in Frankreich entwickelten Lautsprechern. Nach der Erweiterung des Lautsprecherangebots begann Advance Acoustic 2002 mit der Arbeit an elektronischen Produkten und brachte 2004 seinen ersten integrierten Verst\u00e4rker auf den Markt. Dieser integrierte Verst\u00e4rker legte den \u00e4sthetischen und technologischen Grundstein f\u00fcr die Produkte von Advance Paris, wie man sie heute findet. Vu-Meter, R\u00f6hren und massive Verst\u00e4rker sind immer noch Teil der DNA der Marke. Das erste Produkt unter der Marke Advance Paris wurde 2013 auf den Markt gebracht.<\/p>\n<p style=\"text-align: center;\">Advance Paris wurde 2005 internationalisiert und verkauft seine Produkte heute in \u00fcber 40 L\u00e4ndern, wo es den H\u00f6rs\u00e4len auf der ganzen Welt einen franz\u00f6sischen Touch verleiht.<\/p>\n\n\t\t<\/div>\n\t<\/div>\n<\/div><\/div><\/div><\/div><div class=\"vc_row wpb_row vc_row-fluid vc_row-bg-position-top\"><div class=\"wpb_column vc_column_container vc_col-sm-6\"><div class=\"vc_column-inner\"><div class=\"wpb_wrapper\">\n\t<div  class=\"wpb_single_image wpb_content_element vc_align_center wpb_content_element\">\n\t\t\n\t\t<figure class=\"wpb_wrapper vc_figure\">\n\t\t\t<div class=\"vc_single_image-wrapper   vc_box_border_grey\"><img loading=\"lazy\" decoding=\"async\" width=\"300\" height=\"147\" src=\"https:\/\/www.advanceparis.com\/wp-content\/uploads\/2023\/11\/ADVANCE_logo_Black-Gold-Moyenne-300x147.jpeg\" class=\"vc_single_image-img attachment-medium\" alt=\"\" title=\"ADVANCE_logo_Black-Gold Durchschnittlich\" srcset=\"https:\/\/www.advanceparis.com\/wp-content\/uploads\/2023\/11\/ADVANCE_logo_Black-Gold-Moyenne-300x147.jpeg 300w, https:\/\/www.advanceparis.com\/wp-content\/uploads\/2023\/11\/ADVANCE_logo_Black-Gold-Moyenne-600x293.jpeg 600w, https:\/\/www.advanceparis.com\/wp-content\/uploads\/2023\/11\/ADVANCE_logo_Black-Gold-Moyenne.jpeg 640w\" sizes=\"auto, (max-width: 300px) 100vw, 300px\" \/><\/div>\n\t\t<\/figure>\n\t<\/div>\n<\/div><\/div><\/div><div class=\"wpb_column vc_column_container vc_col-sm-6\"><div class=\"vc_column-inner\"><div class=\"wpb_wrapper\">\n\t<div class=\"wpb_text_column wpb_content_element\" >\n\t\t<div class=\"wpb_wrapper\">\n\t\t\t<p style=\"text-align: center;\">Advance Paris ist mehr als eine Marke, wir sind die H\u00fcter der musikalischen Tr\u00e4ume. Mit jedem Produkt, das wir herstellen, versprechen wir, eine Symphonie der Emotionen, einen Wasserfall der Harmonien und eine Br\u00fccke in die Welt der Musik zu schlagen. Wir erf\u00fcllen die Tr\u00e4ume von Audiophilen. Ob Sie ein erfahrener Audiophiler sind oder sich gerade erst in ein klangliches Abenteuer st\u00fcrzen, Advance Paris l\u00e4dt Sie ein, Teil seiner Welt zu werden. Entdecken Sie die Magie der Musik, erforschen Sie das Reich des Klangs und lassen Sie sich von unseren Kreationen zu Ihrer eigenen musikalischen Reise inspirieren.<\/p>\n\n\t\t<\/div>\n\t<\/div>\n<\/div><\/div><\/div><\/div>\n<\/div>","protected":false},"excerpt":{"rendered":"Chez Advance Paris, nous cr\u00e9ons des exp\u00e9riences audio qui transcendent l'ordinaire, un m\u00e9lange harmonieux de technologie et d'art. N\u00e9e en [...]","protected":false},"author":2,"featured_media":542,"parent":0,"menu_order":0,"comment_status":"closed","ping_status":"closed","template":"","meta":{"_acf_changed":false,"footnotes":""},"class_list":["post-8135","page","type-page","status-publish","has-post-thumbnail","hentry"],"acf":[],"jetpack_sharing_enabled":true,"_links":{"self":[{"href":"https:\/\/www.advanceparis.com\/de\/wp-json\/wp\/v2\/pages\/8135","targetHints":{"allow":["GET"]}}],"collection":[{"href":"https:\/\/www.advanceparis.com\/de\/wp-json\/wp\/v2\/pages"}],"about":[{"href":"https:\/\/www.advanceparis.com\/de\/wp-json\/wp\/v2\/types\/page"}],"author":[{"embeddable":true,"href":"https:\/\/www.advanceparis.com\/de\/wp-json\/wp\/v2\/users\/2"}],"replies":[{"embeddable":true,"href":"https:\/\/www.advanceparis.com\/de\/wp-json\/wp\/v2\/comments?post=8135"}],"version-history":[{"count":29,"href":"https:\/\/www.advanceparis.com\/de\/wp-json\/wp\/v2\/pages\/8135\/revisions"}],"predecessor-version":[{"id":8912,"href":"https:\/\/www.advanceparis.com\/de\/wp-json\/wp\/v2\/pages\/8135\/revisions\/8912"}],"wp:featuredmedia":[{"embeddable":true,"href":"https:\/\/www.advanceparis.com\/de\/wp-json\/wp\/v2\/media\/542"}],"wp:attachment":[{"href":"https:\/\/www.advanceparis.com\/de\/wp-json\/wp\/v2\/media?parent=8135"}],"curies":[{"name":"wp","href":"https:\/\/api.w.org\/{rel}","templated":true}]}}