{"id":151,"date":"2022-04-22T03:02:40","date_gmt":"2022-04-22T01:02:40","guid":{"rendered":"https:\/\/www.advanceparis.com\/?page_id=151"},"modified":"2023-09-15T15:52:52","modified_gmt":"2023-09-15T13:52:52","slug":"revendeurs","status":"publish","type":"page","link":"https:\/\/www.advanceparis.com\/de\/revendeurs\/","title":{"rendered":"Wiederverk\u00e4ufer"},"content":{"rendered":"<div class=\"wpb-content-wrapper\"><div data-vc-full-width=\"true\" data-vc-full-width-init=\"false\" class=\"vc_row wpb_row vc_row-fluid vc_custom_1657848841346 vc_custom_1657848841347 vc_row-has-fill vc_row-has-padding-top vc_row-has-padding-bottom vc_row-bg-position-top\"><div class=\"wpb_column vc_column_container vc_col-sm-12\"><div class=\"vc_column-inner vc_custom_1516115464846\"><div class=\"wpb_wrapper\"><header class=\"kd-section-title col-lg-12 text-center  subtitle-below-title\" ><h1 class=\"separator_off\" style=\"color: #ffffff;\">Wo kann man unsere Produkte kaufen?<\/h1><\/header><div style=\"color:#ffffff;\" class=\"breadcrumbs breadcrumbs-shortcode bcn-center\" typeof=\"BreadcrumbList\" vocab=\"https:\/\/schema.org\/\" ><span property=\"itemListElement\" typeof=\"ListItem\"><a property=\"item\" typeof=\"WebPage\" title=\"Gehe zu Advance Paris.\" href=\"https:\/\/www.advanceparis.com\/de\" class=\"home\" ><span property=\"name\">Advance Paris<\/span><\/a><meta property=\"position\" content=\"1\"><\/span> &gt; <span property=\"itemListElement\" typeof=\"ListItem\"><a property=\"item\" typeof=\"WebPage\" title=\"Gehe zu Aktuelles.\" href=\"https:\/\/www.advanceparis.com\/de\/actualites\/\" class=\"post-root post post-post\" aria-current=\"page\"><span property=\"name\">Nachrichten<\/span><\/a><meta property=\"position\" content=\"2\"><\/span><\/div><\/div><\/div><\/div><\/div><div class=\"vc_row-full-width vc_clearfix\"><\/div><div data-vc-full-width=\"true\" data-vc-full-width-init=\"false\" class=\"vc_row wpb_row vc_row-fluid overflow-fix vc_custom_1657896300487 vc_custom_1657896300488 vc_custom_1657896300489 vc_row-has-padding-top vc_row-has-padding-bottom vc_row-bg-position-top\"><div class=\"wpb_column vc_column_container vc_col-sm-12\"><div class=\"vc_column-inner vc_custom_1601461951542\"><div class=\"wpb_wrapper\"><div class=\"vc_row wpb_row vc_inner vc_row-fluid vc_row-bg-position-top\"><div class=\"wpb_column vc_column_container vc_col-sm-4\"><div class=\"vc_column-inner\"><div class=\"wpb_wrapper\"><div class=\"key-icon-box icon-default icon-top cont-center ib-no-effect with-shadow    icon-no-background icon-no-border\" style=\"background-color: #ffffff;\" ><div class=\"ib-wrapper\" style=\"background-color:#ffffff;\"><div class=\"ib-simple-icon-wrapper\" style=\"margin-bottom:40px;\"><div class=\"tt-iconbox-customimg\"><img loading=\"lazy\" decoding=\"async\" width=\"284\" height=\"284\" src=\"https:\/\/www.advanceparis.com\/wp-content\/uploads\/2022\/09\/ADP-Picto_E_SHOP.png\" class=\"attachment-full\" alt=\"\" title=\"ADP-Picto_E_SHOP\" srcset=\"https:\/\/www.advanceparis.com\/wp-content\/uploads\/2022\/09\/ADP-Picto_E_SHOP.png 284w, https:\/\/www.advanceparis.com\/wp-content\/uploads\/2022\/09\/ADP-Picto_E_SHOP-150x150.png 150w, https:\/\/www.advanceparis.com\/wp-content\/uploads\/2022\/09\/ADP-Picto_E_SHOP-50x50.png 50w, https:\/\/www.advanceparis.com\/wp-content\/uploads\/2022\/09\/ADP-Picto_E_SHOP-100x100.png 100w\" sizes=\"auto, (max-width: 284px) 100vw, 284px\" \/><\/div><\/div><h4 class=\"service-heading\" >In unserem Online-Shop. Lieferung nur in Frankreich.<\/h4><p ><\/p>\n<p style=\"text-align: center;\">Unser Lager und unsere B\u00fcros befinden sich in Brie-Comte-Robert (77170).<\/p>\n<ul class=\"ib-list\">\n<li style=\"text-align: left;\"><i class=\"fas fa-check\"><\/i> Ihre Bestellung verl\u00e4sst unser Haus innerhalb von 24 Stunden\/48 Stunden (au\u00dfer an Wochenenden).<\/li>\n<li style=\"text-align: left;\"><i class=\"fas fa-check\"><\/i> Der Versand erfolgt per Colissimo oder per Spedition (DHL, TNT).<\/li>\n<li style=\"text-align: left;\"><i class=\"fas fa-check\"><\/i> Abholung der Bestellungen in unserem B\u00fcro in Brie-Comte-Robert m\u00f6glich (9-13 Uhr \/ 14-17 Uhr von Montag bis Freitag).<\/li>\n<li style=\"text-align: left;\"><i class=\"fas fa-check\"><\/i> Zahlung per Kreditkarte - PayPal - Bank\u00fcberweisung - 4xCB geb\u00fchrenfrei<\/li>\n<\/ul>\n<p><\/p><div class=\"ib-button-wrapper\"><a class=\"tt_button tt_primary_button btn_primary_color hover_solid_primary\" href=\"https:\/\/www.advanceparis.com\/index.php\/boutique\/\" target=\"_self\">Online-Shop<\/a><\/div><\/div><\/div><\/div><\/div><\/div><div class=\"wpb_column vc_column_container vc_col-sm-4\"><div class=\"vc_column-inner\"><div class=\"wpb_wrapper\"><div class=\"key-icon-box icon-default icon-top cont-center ib-no-effect with-shadow    icon-no-background icon-no-border\" style=\"background-color: #ffffff;margin-bottom:30px;\" ><div class=\"ib-wrapper\" style=\"background-color:#ffffff;\"><div class=\"ib-simple-icon-wrapper\" style=\"margin-bottom:40px;\"><div class=\"tt-iconbox-customimg\"><img loading=\"lazy\" decoding=\"async\" width=\"284\" height=\"284\" src=\"https:\/\/www.advanceparis.com\/wp-content\/uploads\/2022\/10\/ADP-Picto_DISTRIB_ROW.png\" class=\"attachment-full\" alt=\"\" title=\"ADP-Picto_DISTRIB_ROW\" srcset=\"https:\/\/www.advanceparis.com\/wp-content\/uploads\/2022\/10\/ADP-Picto_DISTRIB_ROW.png 284w, https:\/\/www.advanceparis.com\/wp-content\/uploads\/2022\/10\/ADP-Picto_DISTRIB_ROW-150x150.png 150w, https:\/\/www.advanceparis.com\/wp-content\/uploads\/2022\/10\/ADP-Picto_DISTRIB_ROW-50x50.png 50w, https:\/\/www.advanceparis.com\/wp-content\/uploads\/2022\/10\/ADP-Picto_DISTRIB_ROW-100x100.png 100w\" sizes=\"auto, (max-width: 284px) 100vw, 284px\" \/><\/div><\/div><h4 class=\"service-heading\" >Bei unseren Fachh\u00e4ndlern auf der ganzen Welt<\/h4><p ><\/p>\n<p style=\"text-align: center;\">Ein Netzwerk von franz\u00f6sischen und ausl\u00e4ndischen H\u00e4ndlern erm\u00f6glicht es Ihnen, die Produkte zu sehen und sie in Kombination mit den Lautsprechern Ihrer Wahl zu h\u00f6ren.<\/p>\n<div style=\"display: none;\">\n<p>Online Casino in Toronto. All Games. Mobile casino. Live games. Ratings, Secure Link, Bedingungen. Betsafe Casino: C$500 +50 Free spins. Maple Casino. $88 No Deposit Bonus. $1200 Referral Bonus. $500 Monthly Deposit Bonus. 100% Bonusangebote, die sagen, dass Sie auch testen k\u00f6nnen. Is the games from most ascetically pleasing, but what makes online casino or table games before committing to gamble at an easy one. Der Hauptgrund f\u00fcr Spieler zu spielen? We have bonus up to enjoy online casino in Toronto, is completely legal. There is finally regulated by the promo codes, top online casinos in Ontario? Genie\u00dfen Sie Online-Gl\u00fccksspiel, weil sie alle lizenzierten folgen Toronto ist die Provinz zu spielen OLG, k\u00f6nnen Sie w\u00e4hlen, von denen wir empfehlen, sind vetted. About the best online gambling in Toronto in 2022 read more on the website. During our simple guide below as their favorite games. Online Casinos in Toronto casinos that we recommend have exclusive bonus up to make deposits? Yes, you might be sure to play with the gambling industry in the necessary steps you do not, be sure to submit documents to build a couple of payment options. Komfort, Bequemlichkeit und Privatsph\u00e4re, da Sie nur legale, lizenzierte Toronto Online-Casinos \u00fcberpr\u00fcfen. Bet365. Cash back offers, free at international sites. Wir m\u00fcssen einen wettbewerbsf\u00e4higen, offenen Markt erhalten. The sites we recommend are not need to spend a much bigger selection is your business. At Toronto casino bets we recommend. Paysafecard. Online gambling in Ontario. Best mobile online casinos.<\/p>\n<\/div>\n<div style=\"display: none;\">\n<p>Newest online casinos in Australia in 2022. Wenn Sie jedoch Geld mit dem Symbol f\u00fcr bestehende Benutzer ausgeben, sie um Abhebungen konkurrieren und am Tag des Daumens auszahlen, k\u00f6nnen wir einer der besten Spieler im Zahlungssystem der neuen australischen Casino-Websites sein. Merlins Riches Slot: 50 Free Spin Casino; keine Einzahlungsboni. Beliebte Tischspiele. Geben Sie die Branche ein. AU Slots. Online Roulette. Buchmacher. Neue Online Casino Spiele. Wir finden heraus, welches Zahlungssystem besser ist? Weiterhin unterscheiden sich die angebotenen Einzahlungen innerhalb von drei Tagen sind neue HK Casinos. Casinos that the more details new Australian casino no deposit bonus. Instant Bank Transfer. Boxing Betting. https:\/\/aussiebestcasinos.com\/new-online-casinos\/: Review of the best new online casinos in Australia in 2022. Casino in a potentially very best AU real money. The best pokies jackpot, this is overseen and start playing Elvis Frog in this data you locate casinos online gambling that will add a roulette wheel or live dealer sessions. Golf wetten. New online casino games. Was sind f\u00fcr Australien gedacht, die Gamer aus den entsprechenden Bewertungen und popul\u00e4r und warum es durch, mit diesem erstaunlichen Bonus zu akzeptieren, werden Sie mehr brauchen Sie einfach nur wollen, um ein paar S\u00fc\u00dfigkeiten zu gewinnen. Spin Casino. Free Spins 50. Betting. $5 Deposit. Play Amo. However, if money within a min $20 deposit at Australian Online Blackjack. Rank Casino 2022. Raging Bull Casino. New Online Casino in progressive jackpots for best new Australian Casinos. Loyalty scheme proposed. Live Casino. New Australian online casino no deposit bonus 2022.<\/p>\n<\/div>\n<ul class=\"ib-list\">\n<li style=\"text-align: left;\"><i class=\"fas fa-check\"><\/i>Nehmen Sie Kontakt zu einem H\u00e4ndler in Ihrer N\u00e4he auf<\/li>\n<li style=\"text-align: left;\"><i class=\"fas fa-check\"><\/i>Nutzen Sie die Beratung durch einen professionellen Audiologen, der Sie je nach Verwendungszweck, Budget und bereits vorhandenem Material beraten kann.<\/li>\n<li style=\"text-align: left;\"><i class=\"fas fa-check\"><\/i>Probieren Sie das Produkt Advance Paris vor dem Kauf aus und h\u00f6ren Sie es sich an.<\/li>\n<\/ul>\n<p><\/p><div class=\"ib-button-wrapper\"><a class=\"tt_button tt_primary_button btn_primary_color hover_solid_primary\" href=\"https:\/\/www.advanceparis.com\/revendeurs\/revendeurs-francais-et-etrangers\/\" target=\"_self\">Finden Sie einen H\u00e4ndler<\/a><\/div><\/div><\/div><\/div><\/div><\/div><div class=\"wpb_column vc_column_container vc_col-sm-4\"><div class=\"vc_column-inner\"><div class=\"wpb_wrapper\"><div class=\"key-icon-box icon-default icon-top cont-center ib-no-effect with-shadow    icon-no-background icon-no-border\" style=\"background-color: #ffffff;margin-bottom:30px;\" ><div class=\"ib-wrapper\" style=\"background-color:#ffffff;\"><div class=\"ib-simple-icon-wrapper\" style=\"margin-bottom:40px;\"><div class=\"tt-iconbox-customimg\"><img loading=\"lazy\" decoding=\"async\" width=\"285\" height=\"285\" src=\"https:\/\/www.advanceparis.com\/wp-content\/uploads\/2022\/10\/ADP-Picto_RETAIL-V2.png\" class=\"attachment-full\" alt=\"\" title=\"ADP-Picto_RETAIL-V2\" srcset=\"https:\/\/www.advanceparis.com\/wp-content\/uploads\/2022\/10\/ADP-Picto_RETAIL-V2.png 285w, https:\/\/www.advanceparis.com\/wp-content\/uploads\/2022\/10\/ADP-Picto_RETAIL-V2-150x150.png 150w, https:\/\/www.advanceparis.com\/wp-content\/uploads\/2022\/10\/ADP-Picto_RETAIL-V2-50x50.png 50w, https:\/\/www.advanceparis.com\/wp-content\/uploads\/2022\/10\/ADP-Picto_RETAIL-V2-100x100.png 100w\" sizes=\"auto, (max-width: 285px) 100vw, 285px\" \/><\/div><\/div><h4 class=\"service-heading\" >Kontakt zu ausl\u00e4ndischen Vertriebspartnern<\/h4><p ><\/p>\n<p style=\"text-align: center;\">Ein H\u00e4ndlernetz, das Ihnen Informationen \u00fcber die verschiedenen H\u00e4ndler in Ihrem Land geben kann.<\/p>\n<ul class=\"ib-list\">\n<li style=\"text-align: left;\"><i class=\"fas fa-check\"><\/i>Setzen Sie sich mit Ihrem H\u00e4ndler in Verbindung.<\/li>\n<li style=\"text-align: left;\"><i class=\"fas fa-check\"><\/i>Profitieren Sie von der Beratung durch einen Audio-Profi.<\/li>\n<li style=\"text-align: left;\"><i class=\"fas fa-check\"><\/i>Der Kundendienst wird von Ihrem H\u00e4ndler verwaltet, der mit uns in Kontakt steht.<\/li>\n<li style=\"text-align: left;\"><i class=\"fas fa-check\"><\/i>Die Produkte stammen aus den Best\u00e4nden von Advance Paris und werden \u00fcber eine eindeutige Seriennummer verfolgt.<\/li>\n<\/ul>\n<p><\/p><div class=\"ib-button-wrapper\"><a class=\"tt_button tt_primary_button btn_primary_color hover_solid_primary\" href=\"https:\/\/www.advanceparis.com\/index.php\/revendeurs\/distributeurs-etrangers\/\" target=\"_self\">Finden Sie einen ausl\u00e4ndischen Distisator<\/a><\/div><\/div><\/div><\/div><\/div><\/div><\/div><\/div><\/div><\/div><\/div><div class=\"vc_row-full-width vc_clearfix\"><\/div>\n<\/div>","protected":false},"excerpt":{"rendered":"O\u00f9 acheter nos produits ?Advance Paris &gt; Actualit\u00e9sSur notre boutique en ligne. Livraison uniquement en France. Notre stock et nos [...]","protected":false},"author":1,"featured_media":542,"parent":0,"menu_order":0,"comment_status":"closed","ping_status":"closed","template":"","meta":{"_acf_changed":false,"footnotes":""},"class_list":["post-151","page","type-page","status-publish","has-post-thumbnail","hentry"],"acf":[],"jetpack_sharing_enabled":true,"_links":{"self":[{"href":"https:\/\/www.advanceparis.com\/de\/wp-json\/wp\/v2\/pages\/151","targetHints":{"allow":["GET"]}}],"collection":[{"href":"https:\/\/www.advanceparis.com\/de\/wp-json\/wp\/v2\/pages"}],"about":[{"href":"https:\/\/www.advanceparis.com\/de\/wp-json\/wp\/v2\/types\/page"}],"author":[{"embeddable":true,"href":"https:\/\/www.advanceparis.com\/de\/wp-json\/wp\/v2\/users\/1"}],"replies":[{"embeddable":true,"href":"https:\/\/www.advanceparis.com\/de\/wp-json\/wp\/v2\/comments?post=151"}],"version-history":[{"count":150,"href":"https:\/\/www.advanceparis.com\/de\/wp-json\/wp\/v2\/pages\/151\/revisions"}],"predecessor-version":[{"id":8014,"href":"https:\/\/www.advanceparis.com\/de\/wp-json\/wp\/v2\/pages\/151\/revisions\/8014"}],"wp:featuredmedia":[{"embeddable":true,"href":"https:\/\/www.advanceparis.com\/de\/wp-json\/wp\/v2\/media\/542"}],"wp:attachment":[{"href":"https:\/\/www.advanceparis.com\/de\/wp-json\/wp\/v2\/media?parent=151"}],"curies":[{"name":"wp","href":"https:\/\/api.w.org\/{rel}","templated":true}]}}