{"id":11219,"date":"2026-04-08T14:22:59","date_gmt":"2026-04-08T12:22:59","guid":{"rendered":"https:\/\/www.advanceparis.com\/?page_id=11219"},"modified":"2026-04-14T09:32:17","modified_gmt":"2026-04-14T07:32:17","slug":"nova","status":"publish","type":"page","link":"https:\/\/www.advanceparis.com\/de\/gammes\/nova\/","title":{"rendered":"NOVA"},"content":{"rendered":"<div class=\"wpb-content-wrapper\"><div data-vc-full-width=\"true\" data-vc-full-width-init=\"false\" class=\"vc_row wpb_row vc_row-fluid vc_custom_1652739795840 vc_custom_1652739795841 vc_row-has-fill vc_row-has-padding-top vc_row-has-padding-bottom vc_row-bg-position-top\"><div class=\"wpb_column vc_column_container vc_col-sm-12\"><div class=\"vc_column-inner\"><div class=\"wpb_wrapper\"><div class=\"vc_row wpb_row vc_inner vc_row-fluid vc_row-bg-position-top\"><div class=\"wpb_column vc_column_container vc_col-sm-12\"><div class=\"vc_column-inner\"><div class=\"wpb_wrapper\"><div style=\"color:#ffffff;\" class=\"breadcrumbs breadcrumbs-shortcode bcn-left\" typeof=\"BreadcrumbList\" vocab=\"https:\/\/schema.org\/\" ><span property=\"itemListElement\" typeof=\"ListItem\"><a property=\"item\" typeof=\"WebPage\" title=\"Gehe zu Advance Paris.\" href=\"https:\/\/www.advanceparis.com\/de\" class=\"home\" ><span property=\"name\">Advance Paris<\/span><\/a><meta property=\"position\" content=\"1\"><\/span> &gt; <span property=\"itemListElement\" typeof=\"ListItem\"><a property=\"item\" typeof=\"WebPage\" title=\"Gehe zu Aktuelles.\" href=\"https:\/\/www.advanceparis.com\/de\/actualites\/\" class=\"post-root post post-post\" aria-current=\"page\"><span property=\"name\">Nachrichten<\/span><\/a><meta property=\"position\" content=\"2\"><\/span><\/div><header class=\"kd-section-title col-lg-12 text-left  subtitle-below-title kd-animated fadeIn   vc_custom_1775566718189\" data-animation-delay=\"200\"><h1 class=\"separator_off\" style=\"color: #ffffff;font-size: 60px;line-height: 70px;margin-bottom:30px;\">NOVA<\/h1><h6 class=\"subtitle\" style=\"color: #f2f2f2;\">Premium-Sound im Neo-Retro-Stil.<\/h6><\/header><\/div><\/div><\/div><\/div><\/div><\/div><\/div><\/div><div class=\"vc_row-full-width vc_clearfix\"><\/div><div class=\"vc_row wpb_row vc_row-fluid vc_row-bg-position-top\"><div class=\"wpb_column vc_column_container vc_col-sm-12\"><div class=\"vc_column-inner\"><div class=\"wpb_wrapper\"><div class=\"vc_empty_space\"   style=\"height: 32px\"><span class=\"vc_empty_space_inner\"><\/span><\/div><\/div><\/div><\/div><\/div><div class=\"vc_row wpb_row vc_row-fluid vc_row-bg-position-top\"><div class=\"wpb_column vc_column_container vc_col-sm-12\"><div class=\"vc_column-inner vc_custom_1761256019773 vc_custom_1761256019773 vc_custom_1761256019773 vc_custom_1761256019773\"><div class=\"wpb_wrapper\"><header class=\"kd-section-title col-lg-12 text-center  subtitle-below-title\" ><h2 class=\"separator_off\" >Die Palette <span style=\"color:#BE9B68;\">NOVA<\/span><\/h2><\/header><\/div><\/div><\/div><\/div><div class=\"vc_row wpb_row vc_row-fluid vc_row-bg-position-top\"><div class=\"wpb_column vc_column_container vc_col-sm-12\"><div class=\"vc_column-inner\"><div class=\"wpb_wrapper\"><div class=\"vc_empty_space\"   style=\"height: 32px\"><span class=\"vc_empty_space_inner\"><\/span><\/div><\/div><\/div><\/div><\/div><div class=\"vc_row wpb_row vc_row-fluid vc_row-bg-position-top\"><div class=\"wpb_column vc_column_container vc_col-sm-3\"><div class=\"vc_column-inner\"><div class=\"wpb_wrapper\">\n\t<div  class=\"wpb_single_image wpb_content_element vc_align_center wpb_content_element\">\n\t\t\n\t\t<figure class=\"wpb_wrapper vc_figure\">\n\t\t\t<div class=\"vc_single_image-wrapper   vc_box_border_grey\"><img loading=\"lazy\" decoding=\"async\" width=\"1080\" height=\"1500\" src=\"https:\/\/www.advanceparis.com\/wp-content\/uploads\/2026\/04\/ADVANCE_Tubes-gamme.jpg\" class=\"vc_single_image-img attachment-full\" alt=\"\" title=\"ADVANCE_Tubes-gamme\" \/><\/div>\n\t\t<\/figure>\n\t<\/div>\n<\/div><\/div><\/div><div class=\"wpb_column vc_column_container vc_col-sm-9\"><div class=\"vc_column-inner\"><div class=\"wpb_wrapper\">\n\t<div class=\"wpb_text_column wpb_content_element\" >\n\t\t<div class=\"wpb_wrapper\">\n\t\t\t<h6 style=\"text-align: left;\"><span style=\"font-weight: 400;\">Philosophie<\/span><\/h6>\n\n\t\t<\/div>\n\t<\/div>\n\n\t<div class=\"wpb_text_column wpb_content_element\" >\n\t\t<div class=\"wpb_wrapper\">\n\t\t\t<blockquote>\n<h1 style=\"text-align: center;\"><span style=\"font-weight: 400;\">Hybridisierung als <em>Manifeste<\/em><\/span><\/h1>\n<\/blockquote>\n\n\t\t<\/div>\n\t<\/div>\n\n\t<div class=\"wpb_text_column wpb_content_element\" >\n\t\t<div class=\"wpb_wrapper\">\n\t\t\t<h6><span style=\"font-weight: 400;\">Nova ist nicht einfach nur eine Verst\u00e4rkerreihe. Es ist eine \u00dcberzeugung: dass die W\u00e4rme von R\u00f6hren und die Kontrolle von Digital nicht im Widerspruch stehen \u2013 sie erg\u00e4nzen sich. Jedes NOVA verf\u00fcgt \u00fcber eine ECC81-R\u00f6hren-Vorverst\u00e4rkerstufe, die eine unnachahmliche Klangsignatur erzeugt, gekoppelt mit einer Transistor-Endstufe der Klasse AB f\u00fcr kompromisslose Leistung.<\/span><\/h6>\n<h6><span style=\"font-weight: 400;\">Am Ausgang bietet ein 4-Kanal-DSP eine professionelle Akustikkorrektur, gefolgt von einem 8-Kanal-DAC ESS9017S im Quad-Modus \u2013 die Garantie f\u00fcr eine hochaufl\u00f6sende Wandlung auf jedem Ihrer Kan\u00e4le, unabh\u00e4ngig voneinander.<\/span><\/h6>\n<h6><span style=\"font-weight: 400;\">Das Ergebnis: ein System, das sich an Ihren Raum, Ihre Lautsprecher und Ihre Nutzung anpasst \u2013 heute und morgen.<\/span><\/h6>\n\n\t\t<\/div>\n\t<\/div>\n<\/div><\/div><\/div><\/div><div class=\"vc_row wpb_row vc_row-fluid vc_row-bg-position-top\"><div class=\"wpb_column vc_column_container vc_col-sm-12\"><div class=\"vc_column-inner\"><div class=\"wpb_wrapper\"><div class=\"vc_empty_space\"   style=\"height: 32px\"><span class=\"vc_empty_space_inner\"><\/span><\/div><\/div><\/div><\/div><\/div><div class=\"vc_row wpb_row vc_row-fluid vc_row-bg-position-top\"><div class=\"wpb_column vc_column_container vc_col-sm-12\"><div class=\"vc_column-inner\"><div class=\"wpb_wrapper\"><div class=\"vc_separator wpb_content_element vc_separator_align_center vc_sep_width_100 vc_sep_pos_align_center vc_separator_no_text wpb_content_element  wpb_content_element\" ><span class=\"vc_sep_holder vc_sep_holder_l\"><span style=\"border-color:#000000;\" class=\"vc_sep_line\"><\/span><\/span><span class=\"vc_sep_holder vc_sep_holder_r\"><span style=\"border-color:#000000;\" class=\"vc_sep_line\"><\/span><\/span>\n<\/div><\/div><\/div><\/div><\/div><div class=\"vc_row wpb_row vc_row-fluid vc_row-bg-position-top\"><div class=\"wpb_column vc_column_container vc_col-sm-12\"><div class=\"vc_column-inner\"><div class=\"wpb_wrapper\">\n\t<div class=\"wpb_text_column wpb_content_element wpb_animate_when_almost_visible wpb_fadeIn fadeIn\" >\n\t\t<div class=\"wpb_wrapper\">\n\t\t\t<h1 style=\"text-align: center;\">Die 5 Verpflichtungen von NOVA<\/h1>\n\n\t\t<\/div>\n\t<\/div>\n<\/div><\/div><\/div><\/div><div class=\"vc_row wpb_row vc_row-fluid vc_row-bg-position-top\"><div class=\"wpb_column vc_column_container vc_col-sm-12\"><div class=\"vc_column-inner\"><div class=\"wpb_wrapper\"><div class=\"vc_empty_space\"   style=\"height: 32px\"><span class=\"vc_empty_space_inner\"><\/span><\/div><\/div><\/div><\/div><\/div><div class=\"vc_row wpb_row vc_row-fluid vc_row-bg-position-top\"><div class=\"wpb_column vc_column_container vc_col-sm-1\/5\"><div class=\"vc_column-inner\"><div class=\"wpb_wrapper\">\n\t<div class=\"wpb_text_column wpb_content_element\" >\n\t\t<div class=\"wpb_wrapper\">\n\t\t\t<h4><b>01. High End<\/b><\/h4>\n<p><span style=\"font-weight: 400;\">Referenzkomponenten. Ringkerntransformator, ALPS-Potentiometer, ausgew\u00e4hlte ECC81-R\u00f6hre. Keine Kompromisse in der Signalette.<\/span><\/p>\n\n\t\t<\/div>\n\t<\/div>\n<\/div><\/div><\/div><div class=\"wpb_column vc_column_container vc_col-sm-1\/5\"><div class=\"vc_column-inner\"><div class=\"wpb_wrapper\">\n\t<div class=\"wpb_text_column wpb_content_element\" >\n\t\t<div class=\"wpb_wrapper\">\n\t\t\t<h4><b>02. Elegantes Design<\/b><\/h4>\n<p><span style=\"font-weight: 400;\">Aluminiumfassade 8 mm, geb\u00fcrstete Oberfl\u00e4che, schwarz oder grau eloxiert. Zweifarbige Vu-Meter. Eine unvergessliche visuelle Pr\u00e4ferenz.<\/span><\/p>\n\n\t\t<\/div>\n\t<\/div>\n<\/div><\/div><\/div><div class=\"wpb_column vc_column_container vc_col-sm-1\/5\"><div class=\"vc_column-inner\"><div class=\"wpb_wrapper\">\n\t<div class=\"wpb_text_column wpb_content_element\" >\n\t\t<div class=\"wpb_wrapper\">\n\t\t\t<h4><b>03. Entwickelt f\u00fcr Langlebigkeit<\/b><\/h4>\n<p><span style=\"font-weight: 400;\">Robuste Mechanik, skalierbares Streaming-Modul, zukunftsorientierte technologische Kompatibilit\u00e4t. NOVA w\u00e4chst mit Ihnen und w\u00e4hlt, die Streaming-Technologie auszutauschen.<\/span><\/p>\n\n\t\t<\/div>\n\t<\/div>\n<\/div><\/div><\/div><div class=\"wpb_column vc_column_container vc_col-sm-1\/5\"><div class=\"vc_column-inner\"><div class=\"wpb_wrapper\">\n\t<div class=\"wpb_text_column wpb_content_element\" >\n\t\t<div class=\"wpb_wrapper\">\n\t\t\t<h4><b>04. Leistung<\/b><\/h4>\n<p><span style=\"font-weight: 400;\">Von 130 bis 190 W RMS pro Kanal. Professionelle DSP-Kalibrierung. Betreibt jeden Lautsprecher. Gleicht jede Akustik aus.<\/span><\/p>\n\n\t\t<\/div>\n\t<\/div>\n<\/div><\/div><\/div><div class=\"wpb_column vc_column_container vc_col-sm-1\/5\"><div class=\"vc_column-inner\"><div class=\"wpb_wrapper\">\n\t<div class=\"wpb_text_column wpb_content_element\" >\n\t\t<div class=\"wpb_wrapper\">\n\t\t\t<h4><b>05. Design x Nutzung<\/b><\/h4>\n<p><span style=\"font-weight: 400;\">Intuitive Benutzeroberfl\u00e4che, HDMI eARC-Kompatibilit\u00e4t mit dem Fernseher, drehbare Fernbedienung aus Metall. Die technische Komplexit\u00e4t, unsichtbar im Gebrauch.<\/span><\/p>\n\n\t\t<\/div>\n\t<\/div>\n<\/div><\/div><\/div><\/div><div class=\"vc_row wpb_row vc_row-fluid vc_row-bg-position-top\"><div class=\"wpb_column vc_column_container vc_col-sm-12\"><div class=\"vc_column-inner\"><div class=\"wpb_wrapper\"><div class=\"vc_separator wpb_content_element vc_separator_align_center vc_sep_width_100 vc_sep_pos_align_center vc_separator_no_text vc_custom_1775846467739 wpb_content_element  vc_custom_1775846467739 wpb_content_element\" ><span class=\"vc_sep_holder vc_sep_holder_l\"><span style=\"border-color:#000000;\" class=\"vc_sep_line\"><\/span><\/span><span class=\"vc_sep_holder vc_sep_holder_r\"><span style=\"border-color:#000000;\" class=\"vc_sep_line\"><\/span><\/span>\n<\/div><div class=\"vc_empty_space\"   style=\"height: 32px\"><span class=\"vc_empty_space_inner\"><\/span><\/div><\/div><\/div><\/div><\/div><div class=\"vc_row wpb_row vc_row-fluid vc_custom_1665060160175 vc_row-bg-position-top\"><div class=\"wpb_column vc_column_container vc_col-sm-12\"><div class=\"vc_column-inner\"><div class=\"wpb_wrapper\"><div class=\"woocommerce columns-3\"><ul class=\"products columns-3\">\n\n<li class=\"woo-detailed-style product type-product post-11230 status-publish first outofstock product_cat-amplificateur product_cat-amplificateur-integre product_cat-nova product_tag-tubes has-post-thumbnail shipping-taxable purchasable product-type-variable has-default-attributes woo-variation-gallery-product woovr-active woovr-show-price woovr-show-availability woovr-show-description\">\n\t<a href=\"https:\/\/www.advanceparis.com\/de\/produkt\/a-i130-nova\/\" class=\"woocommerce-LoopProduct-link woocommerce-loop-product__link\"><div class=\"woo-entry-image\"><img loading=\"lazy\" decoding=\"async\" width=\"300\" height=\"300\" src=\"https:\/\/www.advanceparis.com\/wp-content\/uploads\/2026\/04\/ADVANCE_NOVA_A-I130_3-4_grey.jpg\" class=\"attachment-woocommerce_thumbnail size-woocommerce_thumbnail\" alt=\"A-i130 NOVA\" \/><\/div><\/a><div class=\"woo-entry-wrapper\"><a href=\"https:\/\/www.advanceparis.com\/de\/produkt\/a-i130-nova\/\" class=\"woocommerce-LoopProduct-link woocommerce-loop-product__link\"><h2 class=\"woocommerce-loop-product__title\">A-i130 NOVA<\/h2><\/a>\n\t<span class=\"price\"><span class=\"woocommerce-Price-amount amount\"><bdi>4490,00&nbsp;<span class=\"woocommerce-Price-currencySymbol\">\u20ac<\/span><\/bdi><\/span><\/span>\n<a href=\"https:\/\/www.advanceparis.com\/de\/produkt\/a-i130-nova\/\" class=\"button\" data-no-translation=\"\" data-trp-gettext=\"\">Mehr wissen<\/a>\t<span id=\"woocommerce_loop_add_to_cart_link_describedby_11230\" class=\"screen-reader-text\">\n\t\tDieses Produkt weist mehrere Varianten auf. Die Optionen k\u00f6nnen auf der Produktseite gew\u00e4hlt werden\t<\/span>\n<span class=\"gtm4wp_productdata\" style=\"display:none; visibility:hidden;\" data-gtm4wp_product_data=\"{&quot;internal_id&quot;:11230,&quot;item_id&quot;:11230,&quot;item_name&quot;:&quot;A-i130 NOVA&quot;,&quot;sku&quot;:11230,&quot;price&quot;:4490,&quot;stocklevel&quot;:null,&quot;stockstatus&quot;:&quot;outofstock&quot;,&quot;google_business_vertical&quot;:&quot;retail&quot;,&quot;item_category&quot;:&quot;Amplificateur int\\u00e9gr\\u00e9&quot;,&quot;id&quot;:11230,&quot;productlink&quot;:&quot;https:\\\/\\\/www.advanceparis.com\\\/de\\\/produkt\\\/a-i130-nova\\\/&quot;,&quot;item_list_name&quot;:&quot;General Product List&quot;,&quot;index&quot;:1,&quot;product_type&quot;:&quot;variable&quot;,&quot;item_brand&quot;:&quot;&quot;}\"><\/span><\/div><\/li>\n\n<li class=\"woo-detailed-style product type-product post-11285 status-publish outofstock product_cat-amplificateur product_cat-amplificateur-integre product_cat-nova product_tag-tubes has-post-thumbnail shipping-taxable purchasable product-type-variable has-default-attributes woo-variation-gallery-product woovr-active woovr-show-price woovr-show-availability woovr-show-description\">\n\t<a href=\"https:\/\/www.advanceparis.com\/de\/produkt\/a-i190-nova\/\" class=\"woocommerce-LoopProduct-link woocommerce-loop-product__link\"><div class=\"woo-entry-image\"><img loading=\"lazy\" decoding=\"async\" width=\"300\" height=\"300\" src=\"https:\/\/www.advanceparis.com\/wp-content\/uploads\/2026\/04\/ADVANCE_NOVA_A-I190_3-4_black.jpg\" class=\"attachment-woocommerce_thumbnail size-woocommerce_thumbnail\" alt=\"A-i190 NOVA\" \/><\/div><\/a><div class=\"woo-entry-wrapper\"><a href=\"https:\/\/www.advanceparis.com\/de\/produkt\/a-i190-nova\/\" class=\"woocommerce-LoopProduct-link woocommerce-loop-product__link\"><h2 class=\"woocommerce-loop-product__title\">A-i190 NOVA<\/h2><\/a>\n\t<span class=\"price\"><span class=\"woocommerce-Price-amount amount\"><bdi>5490,00&nbsp;<span class=\"woocommerce-Price-currencySymbol\">\u20ac<\/span><\/bdi><\/span><\/span>\n<a href=\"https:\/\/www.advanceparis.com\/de\/produkt\/a-i190-nova\/\" class=\"button\" data-no-translation=\"\" data-trp-gettext=\"\">Mehr wissen<\/a>\t<span id=\"woocommerce_loop_add_to_cart_link_describedby_11285\" class=\"screen-reader-text\">\n\t\tDieses Produkt weist mehrere Varianten auf. Die Optionen k\u00f6nnen auf der Produktseite gew\u00e4hlt werden\t<\/span>\n<span class=\"gtm4wp_productdata\" style=\"display:none; visibility:hidden;\" data-gtm4wp_product_data=\"{&quot;internal_id&quot;:11285,&quot;item_id&quot;:11285,&quot;item_name&quot;:&quot;A-i190 NOVA&quot;,&quot;sku&quot;:11285,&quot;price&quot;:5490,&quot;stocklevel&quot;:null,&quot;stockstatus&quot;:&quot;outofstock&quot;,&quot;google_business_vertical&quot;:&quot;retail&quot;,&quot;item_category&quot;:&quot;Amplificateur int\\u00e9gr\\u00e9&quot;,&quot;id&quot;:11285,&quot;productlink&quot;:&quot;https:\\\/\\\/www.advanceparis.com\\\/de\\\/produkt\\\/a-i190-nova\\\/&quot;,&quot;item_list_name&quot;:&quot;General Product List&quot;,&quot;index&quot;:2,&quot;product_type&quot;:&quot;variable&quot;,&quot;item_brand&quot;:&quot;&quot;}\"><\/span><\/div><\/li>\n<\/ul>\n<\/div><\/div><\/div><\/div><\/div>\n<\/div>","protected":false},"excerpt":{"rendered":"Advance Paris &gt; Actualit\u00e9sNOVALe son premium au style n\u00e9o-r\u00e9tro.La gamme NOVA Philosophie L\u2019hybridation comme manifeste Nova n\u2019est pas une simple [...]","protected":false},"author":2,"featured_media":0,"parent":230,"menu_order":0,"comment_status":"closed","ping_status":"closed","template":"","meta":{"_acf_changed":false,"footnotes":""},"class_list":["post-11219","page","type-page","status-publish","hentry"],"acf":[],"jetpack_sharing_enabled":true,"_links":{"self":[{"href":"https:\/\/www.advanceparis.com\/de\/wp-json\/wp\/v2\/pages\/11219","targetHints":{"allow":["GET"]}}],"collection":[{"href":"https:\/\/www.advanceparis.com\/de\/wp-json\/wp\/v2\/pages"}],"about":[{"href":"https:\/\/www.advanceparis.com\/de\/wp-json\/wp\/v2\/types\/page"}],"author":[{"embeddable":true,"href":"https:\/\/www.advanceparis.com\/de\/wp-json\/wp\/v2\/users\/2"}],"replies":[{"embeddable":true,"href":"https:\/\/www.advanceparis.com\/de\/wp-json\/wp\/v2\/comments?post=11219"}],"version-history":[{"count":15,"href":"https:\/\/www.advanceparis.com\/de\/wp-json\/wp\/v2\/pages\/11219\/revisions"}],"predecessor-version":[{"id":11312,"href":"https:\/\/www.advanceparis.com\/de\/wp-json\/wp\/v2\/pages\/11219\/revisions\/11312"}],"up":[{"embeddable":true,"href":"https:\/\/www.advanceparis.com\/de\/wp-json\/wp\/v2\/pages\/230"}],"wp:attachment":[{"href":"https:\/\/www.advanceparis.com\/de\/wp-json\/wp\/v2\/media?parent=11219"}],"curies":[{"name":"wp","href":"https:\/\/api.w.org\/{rel}","templated":true}]}}